{"id":21711,"date":"2021-05-25T08:14:29","date_gmt":"2021-05-25T07:14:29","guid":{"rendered":"https:\/\/apicstaging.wpengine.com\/vielen-dank\/"},"modified":"2024-03-11T15:50:10","modified_gmt":"2024-03-11T14:50:10","slug":"thank-you-resources","status":"publish","type":"page","link":"https:\/\/get.apicbase.com\/de\/thank-you-resources\/","title":{"rendered":"Thank You Resources"},"content":{"rendered":"\t\t<div data-elementor-type=\"wp-page\" data-elementor-id=\"21711\" class=\"elementor elementor-21711 elementor-21682\" data-elementor-settings=\"{&quot;ha_cmc_init_switcher&quot;:&quot;no&quot;}\" data-elementor-post-type=\"page\">\n\t\t\t\t\t\t<section data-particle_enable=\"false\" data-particle-mobile-disabled=\"false\" class=\"elementor-section elementor-top-section elementor-element elementor-element-4153187 elementor-reverse-tablet elementor-reverse-mobile product-hero elementor-section-boxed elementor-section-height-default elementor-section-height-default exad-glass-effect-no exad-sticky-section-no\" data-id=\"4153187\" data-element_type=\"section\" data-e-type=\"section\" data-settings=\"{&quot;_ob_glider_is_slider&quot;:&quot;no&quot;,&quot;_ha_eqh_enable&quot;:false}\">\n\t\t\t\t\t\t<div class=\"elementor-container elementor-column-gap-no\">\n\t\t\t\t\t<div class=\"elementor-column elementor-col-100 elementor-top-column elementor-element elementor-element-8605403 exad-glass-effect-no exad-sticky-section-no\" data-id=\"8605403\" data-element_type=\"column\" data-e-type=\"column\" data-settings=\"{&quot;_ob_column_hoveranimator&quot;:&quot;no&quot;,&quot;_ob_column_has_pseudo&quot;:&quot;no&quot;}\">\n\t\t\t<div class=\"elementor-widget-wrap elementor-element-populated\">\n\t\t\t\t\t\t<section data-particle_enable=\"false\" data-particle-mobile-disabled=\"false\" class=\"elementor-section elementor-inner-section elementor-element elementor-element-fdd45e7 elementor-section-boxed elementor-section-height-default elementor-section-height-default exad-glass-effect-no exad-sticky-section-no\" data-id=\"fdd45e7\" data-element_type=\"section\" data-e-type=\"section\" data-settings=\"{&quot;_ob_glider_is_slider&quot;:&quot;no&quot;,&quot;_ha_eqh_enable&quot;:false}\">\n\t\t\t\t\t\t<div class=\"elementor-container elementor-column-gap-no\">\n\t\t\t\t\t<div class=\"elementor-column elementor-col-100 elementor-inner-column elementor-element elementor-element-a4f765b exad-glass-effect-no exad-sticky-section-no\" data-id=\"a4f765b\" data-element_type=\"column\" data-e-type=\"column\" data-settings=\"{&quot;_ob_column_hoveranimator&quot;:&quot;no&quot;,&quot;_ob_column_has_pseudo&quot;:&quot;no&quot;}\">\n\t\t\t<div class=\"elementor-widget-wrap elementor-element-populated\">\n\t\t\t\t\t\t<div class=\"elementor-element elementor-element-0c5144a exad-sticky-section-no exad-glass-effect-no ob-has-background-overlay elementor-widget elementor-widget-image\" data-id=\"0c5144a\" data-element_type=\"widget\" data-e-type=\"widget\" data-settings=\"{&quot;_ob_photomorph_use&quot;:&quot;no&quot;,&quot;_ob_widget_stalker_use&quot;:&quot;no&quot;,&quot;_ob_poopart_use&quot;:&quot;yes&quot;,&quot;_ob_shadough_use&quot;:&quot;no&quot;,&quot;_ob_allow_hoveranimator&quot;:&quot;no&quot;}\" data-widget_type=\"image.default\">\n\t\t\t\t\t\t\t\t\t\t\t\t\t\t\t<img loading=\"lazy\" decoding=\"async\" width=\"1024\" height=\"1024\" src=\"https:\/\/get.apicbase.com\/wp-content\/uploads\/2021\/05\/thank-you-icon-01.svg\" class=\"attachment-large size-large wp-image-21686\" alt=\"\" srcset=\"https:\/\/get.apicbase.com\/wp-content\/uploads\/\/2021\/05\/thank-you-icon-01.svg 150w, https:\/\/get.apicbase.com\/wp-content\/uploads\/\/2021\/05\/thank-you-icon-01.svg 300w, https:\/\/get.apicbase.com\/wp-content\/uploads\/\/2021\/05\/thank-you-icon-01.svg 1024w, https:\/\/get.apicbase.com\/wp-content\/uploads\/\/2021\/05\/thank-you-icon-01.svg 1536w, https:\/\/get.apicbase.com\/wp-content\/uploads\/\/2021\/05\/thank-you-icon-01.svg 2048w, https:\/\/get.apicbase.com\/wp-content\/uploads\/\/2021\/05\/thank-you-icon-01.svg 96w\" sizes=\"auto, (max-width: 1024px) 100vw, 1024px\" \/>\t\t\t\t\t\t\t\t\t\t\t\t\t\t\t<\/div>\n\t\t\t\t<div class=\"elementor-element elementor-element-2d31d90 elementor-widget-tablet__width-inherit elementor-widget-mobile__width-inherit hero-large-header ob-harakiri-inherit exad-sticky-section-no exad-glass-effect-no ob-has-background-overlay elementor-widget elementor-widget-heading\" data-id=\"2d31d90\" data-element_type=\"widget\" data-e-type=\"widget\" data-settings=\"{&quot;_ob_use_harakiri&quot;:&quot;yes&quot;,&quot;_ob_harakiri_writing_mode&quot;:&quot;inherit&quot;,&quot;_ob_harakiri_text_clip&quot;:&quot;none&quot;,&quot;_ob_widget_stalker_use&quot;:&quot;no&quot;,&quot;_ob_poopart_use&quot;:&quot;yes&quot;,&quot;_ob_shadough_use&quot;:&quot;no&quot;,&quot;_ob_allow_hoveranimator&quot;:&quot;no&quot;}\" data-widget_type=\"heading.default\">\n\t\t\t\t\t<h1 class=\"elementor-heading-title elementor-size-default\">Vielen Dank<\/h1>\t\t\t\t<\/div>\n\t\t\t\t<div class=\"elementor-element elementor-element-afcbcf1 hero-intro-text ob-harakiri-inherit exad-sticky-section-no exad-glass-effect-no ob-has-background-overlay elementor-widget elementor-widget-heading\" data-id=\"afcbcf1\" data-element_type=\"widget\" data-e-type=\"widget\" data-settings=\"{&quot;_ob_use_harakiri&quot;:&quot;yes&quot;,&quot;_ob_harakiri_writing_mode&quot;:&quot;inherit&quot;,&quot;_ob_harakiri_text_clip&quot;:&quot;none&quot;,&quot;_ob_widget_stalker_use&quot;:&quot;no&quot;,&quot;_ob_poopart_use&quot;:&quot;yes&quot;,&quot;_ob_shadough_use&quot;:&quot;no&quot;,&quot;_ob_allow_hoveranimator&quot;:&quot;no&quot;}\" data-widget_type=\"heading.default\">\n\t\t\t\t\t<p class=\"elementor-heading-title elementor-size-default\">Wir haben den Leitfaden soeben an Ihre E-Mail geschickt. Falls Sie ihn in den n\u00e4chsten Minuten nicht erhalten, informieren Sie uns bitte \u00fcber <a><\/a><br><br><br><br>Ganz gleich, ob Sie gerade erst anfangen oder fortgeschrittene Strategien erlernen m\u00f6chten, dies ist Ihr Zentrum f\u00fcr alles Wissen \u00fcber F&amp;B-Management.marketing@apicbase.com<\/a><\/p>\t\t\t\t<\/div>\n\t\t\t\t<div class=\"elementor-element elementor-element-e37190c elementor-align-center exad-sticky-section-no exad-glass-effect-no ob-has-background-overlay elementor-widget elementor-widget-button\" data-id=\"e37190c\" data-element_type=\"widget\" data-e-type=\"widget\" data-settings=\"{&quot;_ob_butterbutton_use_it&quot;:&quot;no&quot;,&quot;_ob_widget_stalker_use&quot;:&quot;no&quot;,&quot;_ob_poopart_use&quot;:&quot;yes&quot;,&quot;_ob_shadough_use&quot;:&quot;no&quot;,&quot;_ob_allow_hoveranimator&quot;:&quot;no&quot;}\" data-widget_type=\"button.default\">\n\t\t\t\t\t\t\t\t\t\t<a class=\"elementor-button elementor-button-link elementor-size-sm\" href=\"https:\/\/get.apicbase.com\/de\/hub\/\">\n\t\t\t\t\t\t<span class=\"elementor-button-content-wrapper\">\n\t\t\t\t\t\t\t\t\t<span class=\"elementor-button-text\">Besuchen Sie die Wissensdatenbank \u2192<\/span>\n\t\t\t\t\t<\/span>\n\t\t\t\t\t<\/a>\n\t\t\t\t\t\t\t\t<\/div>\n\t\t\t\t\t<\/div>\n\t\t<\/div>\n\t\t\t\t\t<\/div>\n\t\t<\/section>\n\t\t\t\t\t<\/div>\n\t\t<\/div>\n\t\t\t\t\t<\/div>\n\t\t<\/section>\n\t\t\t\t<\/div>\n\t\t","protected":false},"excerpt":{"rendered":"<p>Vielen Dank Wir haben den Leitfaden soeben an Ihre E-Mail geschickt. Falls Sie ihn in den n\u00e4chsten Minuten nicht erhalten, informieren Sie uns bitte \u00fcber Ganz gleich, ob Sie gerade erst anfangen oder fortgeschrittene Strategien erlernen m\u00f6chten, dies ist Ihr Zentrum f\u00fcr alles Wissen \u00fcber F&#038;B-Management.marketing@apicbase.com Besuchen Sie die Wissensdatenbank \u2192<\/p>\n","protected":false},"author":10,"featured_media":0,"parent":0,"menu_order":32,"comment_status":"closed","ping_status":"closed","template":"","meta":{"_acf_changed":false,"content-type":"","footnotes":""},"class_list":["post-21711","page","type-page","status-publish","hentry"],"acf":[],"yoast_head":"<!-- This site is optimized with the Yoast SEO Premium plugin v26.8 (Yoast SEO v27.2) - https:\/\/yoast.com\/product\/yoast-seo-premium-wordpress\/ -->\n<title>Thank You Resources - Apicbase<\/title>\n<meta name=\"robots\" content=\"index, follow, max-snippet:-1, max-image-preview:large, max-video-preview:-1\" \/>\n<link rel=\"canonical\" href=\"https:\/\/get.apicbase.com\/de\/thank-you-resources\/\" \/>\n<meta property=\"og:locale\" content=\"de_DE\" \/>\n<meta property=\"og:type\" content=\"article\" \/>\n<meta property=\"og:title\" content=\"Thank You Resources\" \/>\n<meta property=\"og:description\" content=\"Vielen Dank Wir haben den Leitfaden soeben an Ihre E-Mail geschickt. Falls Sie ihn in den n\u00e4chsten Minuten nicht erhalten, informieren Sie uns bitte \u00fcber Ganz gleich, ob Sie gerade erst anfangen oder fortgeschrittene Strategien erlernen m\u00f6chten, dies ist Ihr Zentrum f\u00fcr alles Wissen \u00fcber F&#038;B-Management.marketing@apicbase.com Besuchen Sie die Wissensdatenbank \u2192\" \/>\n<meta property=\"og:url\" content=\"https:\/\/get.apicbase.com\/de\/thank-you-resources\/\" \/>\n<meta property=\"og:site_name\" content=\"Apicbase\" \/>\n<meta property=\"article:publisher\" content=\"https:\/\/www.facebook.com\/apicbase\/\" \/>\n<meta property=\"article:modified_time\" content=\"2024-03-11T14:50:10+00:00\" \/>\n<meta property=\"og:image\" content=\"https:\/\/get.apicbase.com\/wp-content\/uploads\/2021\/05\/thank-you-icon-01.svg\" \/>\n<meta name=\"twitter:card\" content=\"summary_large_image\" \/>\n<meta name=\"twitter:site\" content=\"@apicbase\" \/>\n<meta name=\"twitter:label1\" content=\"Gesch\u00e4tzte Lesezeit\" \/>\n\t<meta name=\"twitter:data1\" content=\"1 Minute\" \/>\n<script type=\"application\/ld+json\" class=\"yoast-schema-graph\">{\"@context\":\"https:\/\/schema.org\",\"@graph\":[{\"@type\":\"WebPage\",\"@id\":\"https:\/\/get.apicbase.com\/de\/thank-you-resources\/\",\"url\":\"https:\/\/get.apicbase.com\/de\/thank-you-resources\/\",\"name\":\"Thank You Resources - Apicbase\",\"isPartOf\":{\"@id\":\"https:\/\/get.apicbase.com\/#website\"},\"primaryImageOfPage\":{\"@id\":\"https:\/\/get.apicbase.com\/de\/thank-you-resources\/#primaryimage\"},\"image\":{\"@id\":\"https:\/\/get.apicbase.com\/de\/thank-you-resources\/#primaryimage\"},\"thumbnailUrl\":\"https:\/\/get.apicbase.com\/wp-content\/uploads\/2021\/05\/thank-you-icon-01.svg\",\"datePublished\":\"2021-05-25T07:14:29+00:00\",\"dateModified\":\"2024-03-11T14:50:10+00:00\",\"inLanguage\":\"de-DE\",\"potentialAction\":[{\"@type\":\"ReadAction\",\"target\":[\"https:\/\/get.apicbase.com\/de\/thank-you-resources\/\"]}]},{\"@type\":\"ImageObject\",\"inLanguage\":\"de-DE\",\"@id\":\"https:\/\/get.apicbase.com\/de\/thank-you-resources\/#primaryimage\",\"url\":\"https:\/\/get.apicbase.com\/wp-content\/uploads\/2021\/05\/thank-you-icon-01.svg\",\"contentUrl\":\"https:\/\/get.apicbase.com\/wp-content\/uploads\/2021\/05\/thank-you-icon-01.svg\"},{\"@type\":\"WebSite\",\"@id\":\"https:\/\/get.apicbase.com\/#website\",\"url\":\"https:\/\/get.apicbase.com\/\",\"name\":\"Apicbase\",\"description\":\"#1 Restaurant Management Software\",\"publisher\":{\"@id\":\"https:\/\/get.apicbase.com\/#organization\"},\"potentialAction\":[{\"@type\":\"SearchAction\",\"target\":{\"@type\":\"EntryPoint\",\"urlTemplate\":\"https:\/\/get.apicbase.com\/?s={search_term_string}\"},\"query-input\":{\"@type\":\"PropertyValueSpecification\",\"valueRequired\":true,\"valueName\":\"search_term_string\"}}],\"inLanguage\":\"de-DE\"},{\"@type\":\"Organization\",\"@id\":\"https:\/\/get.apicbase.com\/#organization\",\"name\":\"Apicbase\",\"url\":\"https:\/\/get.apicbase.com\/\",\"logo\":{\"@type\":\"ImageObject\",\"inLanguage\":\"de-DE\",\"@id\":\"https:\/\/get.apicbase.com\/#\/schema\/logo\/image\/\",\"url\":\"https:\/\/get.apicbase.com\/wp-content\/uploads\/2025\/08\/apicbase-logo-black.svg\",\"contentUrl\":\"https:\/\/get.apicbase.com\/wp-content\/uploads\/2025\/08\/apicbase-logo-black.svg\",\"caption\":\"Apicbase\"},\"image\":{\"@id\":\"https:\/\/get.apicbase.com\/#\/schema\/logo\/image\/\"},\"sameAs\":[\"https:\/\/www.facebook.com\/apicbase\/\",\"https:\/\/x.com\/apicbase\",\"https:\/\/www.instagram.com\/apicbase\/\",\"https:\/\/www.linkedin.com\/company-beta\/5036984\/\",\"https:\/\/www.pinterest.com\/apicbase\/\"]}]}<\/script>\n<!-- \/ Yoast SEO Premium plugin. -->","yoast_head_json":{"title":"Thank You Resources - Apicbase","robots":{"index":"index","follow":"follow","max-snippet":"max-snippet:-1","max-image-preview":"max-image-preview:large","max-video-preview":"max-video-preview:-1"},"canonical":"https:\/\/get.apicbase.com\/de\/thank-you-resources\/","og_locale":"de_DE","og_type":"article","og_title":"Thank You Resources","og_description":"Vielen Dank Wir haben den Leitfaden soeben an Ihre E-Mail geschickt. Falls Sie ihn in den n\u00e4chsten Minuten nicht erhalten, informieren Sie uns bitte \u00fcber Ganz gleich, ob Sie gerade erst anfangen oder fortgeschrittene Strategien erlernen m\u00f6chten, dies ist Ihr Zentrum f\u00fcr alles Wissen \u00fcber F&#038;B-Management.marketing@apicbase.com Besuchen Sie die Wissensdatenbank \u2192","og_url":"https:\/\/get.apicbase.com\/de\/thank-you-resources\/","og_site_name":"Apicbase","article_publisher":"https:\/\/www.facebook.com\/apicbase\/","article_modified_time":"2024-03-11T14:50:10+00:00","og_image":[{"url":"https:\/\/get.apicbase.com\/wp-content\/uploads\/2021\/05\/thank-you-icon-01.svg","type":"","width":"","height":""}],"twitter_card":"summary_large_image","twitter_site":"@apicbase","twitter_misc":{"Gesch\u00e4tzte Lesezeit":"1 Minute"},"schema":{"@context":"https:\/\/schema.org","@graph":[{"@type":"WebPage","@id":"https:\/\/get.apicbase.com\/de\/thank-you-resources\/","url":"https:\/\/get.apicbase.com\/de\/thank-you-resources\/","name":"Thank You Resources - Apicbase","isPartOf":{"@id":"https:\/\/get.apicbase.com\/#website"},"primaryImageOfPage":{"@id":"https:\/\/get.apicbase.com\/de\/thank-you-resources\/#primaryimage"},"image":{"@id":"https:\/\/get.apicbase.com\/de\/thank-you-resources\/#primaryimage"},"thumbnailUrl":"https:\/\/get.apicbase.com\/wp-content\/uploads\/2021\/05\/thank-you-icon-01.svg","datePublished":"2021-05-25T07:14:29+00:00","dateModified":"2024-03-11T14:50:10+00:00","inLanguage":"de-DE","potentialAction":[{"@type":"ReadAction","target":["https:\/\/get.apicbase.com\/de\/thank-you-resources\/"]}]},{"@type":"ImageObject","inLanguage":"de-DE","@id":"https:\/\/get.apicbase.com\/de\/thank-you-resources\/#primaryimage","url":"https:\/\/get.apicbase.com\/wp-content\/uploads\/2021\/05\/thank-you-icon-01.svg","contentUrl":"https:\/\/get.apicbase.com\/wp-content\/uploads\/2021\/05\/thank-you-icon-01.svg"},{"@type":"WebSite","@id":"https:\/\/get.apicbase.com\/#website","url":"https:\/\/get.apicbase.com\/","name":"Apicbase","description":"#1 Restaurant Management Software","publisher":{"@id":"https:\/\/get.apicbase.com\/#organization"},"potentialAction":[{"@type":"SearchAction","target":{"@type":"EntryPoint","urlTemplate":"https:\/\/get.apicbase.com\/?s={search_term_string}"},"query-input":{"@type":"PropertyValueSpecification","valueRequired":true,"valueName":"search_term_string"}}],"inLanguage":"de-DE"},{"@type":"Organization","@id":"https:\/\/get.apicbase.com\/#organization","name":"Apicbase","url":"https:\/\/get.apicbase.com\/","logo":{"@type":"ImageObject","inLanguage":"de-DE","@id":"https:\/\/get.apicbase.com\/#\/schema\/logo\/image\/","url":"https:\/\/get.apicbase.com\/wp-content\/uploads\/2025\/08\/apicbase-logo-black.svg","contentUrl":"https:\/\/get.apicbase.com\/wp-content\/uploads\/2025\/08\/apicbase-logo-black.svg","caption":"Apicbase"},"image":{"@id":"https:\/\/get.apicbase.com\/#\/schema\/logo\/image\/"},"sameAs":["https:\/\/www.facebook.com\/apicbase\/","https:\/\/x.com\/apicbase","https:\/\/www.instagram.com\/apicbase\/","https:\/\/www.linkedin.com\/company-beta\/5036984\/","https:\/\/www.pinterest.com\/apicbase\/"]}]}},"_links":{"self":[{"href":"https:\/\/get.apicbase.com\/de\/wp-json\/wp\/v2\/pages\/21711","targetHints":{"allow":["GET"]}}],"collection":[{"href":"https:\/\/get.apicbase.com\/de\/wp-json\/wp\/v2\/pages"}],"about":[{"href":"https:\/\/get.apicbase.com\/de\/wp-json\/wp\/v2\/types\/page"}],"author":[{"embeddable":true,"href":"https:\/\/get.apicbase.com\/de\/wp-json\/wp\/v2\/users\/10"}],"replies":[{"embeddable":true,"href":"https:\/\/get.apicbase.com\/de\/wp-json\/wp\/v2\/comments?post=21711"}],"version-history":[{"count":0,"href":"https:\/\/get.apicbase.com\/de\/wp-json\/wp\/v2\/pages\/21711\/revisions"}],"wp:attachment":[{"href":"https:\/\/get.apicbase.com\/de\/wp-json\/wp\/v2\/media?parent=21711"}],"curies":[{"name":"wp","href":"https:\/\/api.w.org\/{rel}","templated":true}]}}