{"id":22058,"date":"2021-06-05T09:54:58","date_gmt":"2021-06-05T08:54:58","guid":{"rendered":"https:\/\/apicstaging.wpengine.com\/vertriebspartner-werden\/"},"modified":"2024-02-13T11:36:21","modified_gmt":"2024-02-13T10:36:21","slug":"vertriebspartner-werden","status":"publish","type":"page","link":"https:\/\/get.apicbase.com\/de\/vertriebspartner-werden\/","title":{"rendered":"Vertriebspartner werden"},"content":{"rendered":"\t\t<div data-elementor-type=\"wp-page\" data-elementor-id=\"22058\" class=\"elementor elementor-22058 elementor-21827\" data-elementor-settings=\"{&quot;ha_cmc_init_switcher&quot;:&quot;no&quot;}\" data-elementor-post-type=\"page\">\n\t\t\t\t\t\t<section data-particle_enable=\"false\" data-particle-mobile-disabled=\"false\" class=\"elementor-section elementor-top-section elementor-element elementor-element-69d00a53 elementor-reverse-tablet elementor-reverse-mobile product-hero elementor-section-boxed elementor-section-height-default elementor-section-height-default exad-glass-effect-no exad-sticky-section-no\" data-id=\"69d00a53\" data-element_type=\"section\" data-e-type=\"section\" data-settings=\"{&quot;background_background&quot;:&quot;gradient&quot;,&quot;_ob_glider_is_slider&quot;:&quot;no&quot;,&quot;_ha_eqh_enable&quot;:false}\">\n\t\t\t\t\t\t\t<div class=\"elementor-background-overlay\"><\/div>\n\t\t\t\t\t\t\t<div class=\"elementor-container elementor-column-gap-no\">\n\t\t\t\t\t<div class=\"elementor-column elementor-col-100 elementor-top-column elementor-element elementor-element-1a04a0c8 exad-glass-effect-no exad-sticky-section-no\" data-id=\"1a04a0c8\" data-element_type=\"column\" data-e-type=\"column\" data-settings=\"{&quot;_ob_column_hoveranimator&quot;:&quot;no&quot;,&quot;_ob_column_has_pseudo&quot;:&quot;no&quot;}\">\n\t\t\t<div class=\"elementor-widget-wrap elementor-element-populated\">\n\t\t\t\t\t\t<section data-particle_enable=\"false\" data-particle-mobile-disabled=\"false\" class=\"elementor-section elementor-inner-section elementor-element elementor-element-52e82353 elementor-section-boxed elementor-section-height-default elementor-section-height-default exad-glass-effect-no exad-sticky-section-no\" data-id=\"52e82353\" data-element_type=\"section\" data-e-type=\"section\" data-settings=\"{&quot;_ob_glider_is_slider&quot;:&quot;no&quot;,&quot;_ha_eqh_enable&quot;:false}\">\n\t\t\t\t\t\t<div class=\"elementor-container elementor-column-gap-no\">\n\t\t\t\t\t<div class=\"elementor-column elementor-col-100 elementor-inner-column elementor-element elementor-element-6a0f542b exad-glass-effect-no exad-sticky-section-no\" data-id=\"6a0f542b\" data-element_type=\"column\" data-e-type=\"column\" data-settings=\"{&quot;_ob_column_hoveranimator&quot;:&quot;no&quot;,&quot;_ob_column_has_pseudo&quot;:&quot;no&quot;}\">\n\t\t\t<div class=\"elementor-widget-wrap elementor-element-populated\">\n\t\t\t\t\t\t<div class=\"elementor-element elementor-element-25d6cd0 hero-small-header ob-harakiri-inherit exad-sticky-section-no exad-glass-effect-no ob-has-background-overlay elementor-widget elementor-widget-heading\" data-id=\"25d6cd0\" data-element_type=\"widget\" data-e-type=\"widget\" data-settings=\"{&quot;_ob_use_harakiri&quot;:&quot;yes&quot;,&quot;_ob_harakiri_writing_mode&quot;:&quot;inherit&quot;,&quot;_ob_harakiri_text_clip&quot;:&quot;none&quot;,&quot;_ob_widget_stalker_use&quot;:&quot;no&quot;,&quot;_ob_poopart_use&quot;:&quot;yes&quot;,&quot;_ob_shadough_use&quot;:&quot;no&quot;,&quot;_ob_allow_hoveranimator&quot;:&quot;no&quot;}\" data-widget_type=\"heading.default\">\n\t\t\t\t\t<p class=\"elementor-heading-title elementor-size-default\">Vertriebspartner werden<\/p>\t\t\t\t<\/div>\n\t\t\t\t<div class=\"elementor-element elementor-element-3e17cd40 elementor-widget-tablet__width-inherit elementor-widget-mobile__width-inherit hero-large-header ob-harakiri-inherit exad-sticky-section-no exad-glass-effect-no ob-has-background-overlay elementor-widget elementor-widget-heading\" data-id=\"3e17cd40\" data-element_type=\"widget\" data-e-type=\"widget\" data-settings=\"{&quot;_ob_use_harakiri&quot;:&quot;yes&quot;,&quot;_ob_harakiri_writing_mode&quot;:&quot;inherit&quot;,&quot;_ob_harakiri_text_clip&quot;:&quot;none&quot;,&quot;_ob_widget_stalker_use&quot;:&quot;no&quot;,&quot;_ob_poopart_use&quot;:&quot;yes&quot;,&quot;_ob_shadough_use&quot;:&quot;no&quot;,&quot;_ob_allow_hoveranimator&quot;:&quot;no&quot;}\" data-widget_type=\"heading.default\">\n\t\t\t\t\t<h1 class=\"elementor-heading-title elementor-size-default\">Nehmen Sie am Apicbase-Partnerprogramm teil<\/h1>\t\t\t\t<\/div>\n\t\t\t\t<div class=\"elementor-element elementor-element-204d86cb hero-intro-text ob-harakiri-inherit exad-sticky-section-no exad-glass-effect-no ob-has-background-overlay elementor-widget elementor-widget-heading\" data-id=\"204d86cb\" data-element_type=\"widget\" data-e-type=\"widget\" data-settings=\"{&quot;_ob_use_harakiri&quot;:&quot;yes&quot;,&quot;_ob_harakiri_writing_mode&quot;:&quot;inherit&quot;,&quot;_ob_harakiri_text_clip&quot;:&quot;none&quot;,&quot;_ob_widget_stalker_use&quot;:&quot;no&quot;,&quot;_ob_poopart_use&quot;:&quot;yes&quot;,&quot;_ob_shadough_use&quot;:&quot;no&quot;,&quot;_ob_allow_hoveranimator&quot;:&quot;no&quot;}\" data-widget_type=\"heading.default\">\n\t\t\t\t\t<p class=\"elementor-heading-title elementor-size-default\">Bitte f\u00fcllen Sie das Formular aus. Wir werden uns in K\u00fcrze bei Ihnen melden, um uns \u00fcber eine m\u00f6gliche Partnerschaft zu unterhalten.<\/p>\t\t\t\t<\/div>\n\t\t\t\t<div class=\"elementor-element elementor-element-4aa7944 hubspot-contact-form exad-sticky-section-no exad-glass-effect-no ob-has-background-overlay elementor-widget elementor-widget-html\" data-id=\"4aa7944\" data-element_type=\"widget\" data-e-type=\"widget\" data-settings=\"{&quot;_ob_widget_stalker_use&quot;:&quot;no&quot;,&quot;_ob_poopart_use&quot;:&quot;yes&quot;,&quot;_ob_shadough_use&quot;:&quot;no&quot;,&quot;_ob_allow_hoveranimator&quot;:&quot;no&quot;}\" data-widget_type=\"html.default\">\n\t\t\t\t\t<!--[if lte IE 8]>\r\n<script charset=\"utf-8\" type=\"text\/javascript\" src=\"\/\/js.hsforms.net\/forms\/v2-legacy.js\"><\/script>\r\n<![endif]-->\r\n<script charset=\"utf-8\" type=\"text\/javascript\" src=\"\/\/js.hsforms.net\/forms\/v2.js\"><\/script>\r\n<script>\r\n  hbspt.forms.create({\r\n\tregion: \"na1\",\r\n\tportalId: \"5867239\",\r\n\tformId: \"b186bce4-5d55-424c-abf2-2bbba3bf97c8\"\r\n});\r\n<\/script>\t\t\t\t<\/div>\n\t\t\t\t\t<\/div>\n\t\t<\/div>\n\t\t\t\t\t<\/div>\n\t\t<\/section>\n\t\t\t\t\t<\/div>\n\t\t<\/div>\n\t\t\t\t\t<\/div>\n\t\t<\/section>\n\t\t\t\t<section data-particle_enable=\"false\" data-particle-mobile-disabled=\"false\" class=\"elementor-section elementor-top-section elementor-element elementor-element-6230cce9 elementor-section-boxed elementor-section-height-default elementor-section-height-default exad-glass-effect-no exad-sticky-section-no\" data-id=\"6230cce9\" data-element_type=\"section\" data-e-type=\"section\" data-settings=\"{&quot;_ob_glider_is_slider&quot;:&quot;no&quot;,&quot;_ha_eqh_enable&quot;:false}\">\n\t\t\t\t\t\t<div class=\"elementor-container elementor-column-gap-no\">\n\t\t\t\t\t<div class=\"elementor-column elementor-col-100 elementor-top-column elementor-element elementor-element-249c263f exad-glass-effect-no exad-sticky-section-no\" data-id=\"249c263f\" data-element_type=\"column\" data-e-type=\"column\" data-settings=\"{&quot;_ob_column_hoveranimator&quot;:&quot;no&quot;,&quot;_ob_column_has_pseudo&quot;:&quot;no&quot;}\">\n\t\t\t<div class=\"elementor-widget-wrap elementor-element-populated\">\n\t\t\t\t\t\t<div class=\"elementor-element elementor-element-2c45ffb5 ob-harakiri-inherit exad-sticky-section-no exad-glass-effect-no ob-has-background-overlay elementor-widget elementor-widget-heading\" data-id=\"2c45ffb5\" data-element_type=\"widget\" data-e-type=\"widget\" data-settings=\"{&quot;_ob_use_harakiri&quot;:&quot;yes&quot;,&quot;_ob_harakiri_writing_mode&quot;:&quot;inherit&quot;,&quot;_ob_harakiri_text_clip&quot;:&quot;none&quot;,&quot;_ob_widget_stalker_use&quot;:&quot;no&quot;,&quot;_ob_poopart_use&quot;:&quot;yes&quot;,&quot;_ob_shadough_use&quot;:&quot;no&quot;,&quot;_ob_allow_hoveranimator&quot;:&quot;no&quot;}\" data-widget_type=\"heading.default\">\n\t\t\t\t\t<p class=\"elementor-heading-title elementor-size-default\">UNTERST\u00dcTZT \u00dcBER 1000 STANDORTE IN MEHR ALS 25 L\u00c4NDERN<\/p>\t\t\t\t<\/div>\n\t\t\t\t<section data-particle_enable=\"false\" data-particle-mobile-disabled=\"false\" class=\"elementor-section elementor-inner-section elementor-element elementor-element-504a541a elementor-section-height-min-height elementor-section-boxed elementor-section-height-default exad-glass-effect-no exad-sticky-section-no\" data-id=\"504a541a\" data-element_type=\"section\" data-e-type=\"section\" data-settings=\"{&quot;_ob_glider_is_slider&quot;:&quot;no&quot;,&quot;_ha_eqh_enable&quot;:false}\">\n\t\t\t\t\t\t<div class=\"elementor-container elementor-column-gap-no\">\n\t\t\t\t\t<div class=\"elementor-column elementor-col-100 elementor-inner-column elementor-element elementor-element-77e0e439 exad-glass-effect-no exad-sticky-section-no\" data-id=\"77e0e439\" data-element_type=\"column\" data-e-type=\"column\" data-settings=\"{&quot;_ob_column_hoveranimator&quot;:&quot;no&quot;,&quot;_ob_column_has_pseudo&quot;:&quot;no&quot;}\">\n\t\t\t<div class=\"elementor-widget-wrap elementor-element-populated\">\n\t\t\t\t\t\t<div class=\"elementor-element elementor-element-7aa91774 logo-gallery exad-sticky-section-no exad-glass-effect-no ob-has-background-overlay elementor-widget elementor-widget-image\" data-id=\"7aa91774\" data-element_type=\"widget\" data-e-type=\"widget\" data-settings=\"{&quot;_ob_photomorph_use&quot;:&quot;no&quot;,&quot;_ob_widget_stalker_use&quot;:&quot;no&quot;,&quot;_ob_poopart_use&quot;:&quot;yes&quot;,&quot;_ob_shadough_use&quot;:&quot;no&quot;,&quot;_ob_allow_hoveranimator&quot;:&quot;no&quot;}\" data-widget_type=\"image.default\">\n\t\t\t\t\t\t\t\t\t\t\t\t\t\t\t<img loading=\"lazy\" decoding=\"async\" width=\"1024\" height=\"1024\" src=\"https:\/\/get.apicbase.com\/wp-content\/uploads\/2021\/04\/demo-request-gate-group-logo-01.svg\" class=\"attachment-large size-large wp-image-20527\" alt=\"\" srcset=\"https:\/\/get.apicbase.com\/wp-content\/uploads\/\/2021\/04\/demo-request-gate-group-logo-01.svg 150w, https:\/\/get.apicbase.com\/wp-content\/uploads\/\/2021\/04\/demo-request-gate-group-logo-01.svg 300w, https:\/\/get.apicbase.com\/wp-content\/uploads\/\/2021\/04\/demo-request-gate-group-logo-01.svg 1024w, https:\/\/get.apicbase.com\/wp-content\/uploads\/\/2021\/04\/demo-request-gate-group-logo-01.svg 1536w, https:\/\/get.apicbase.com\/wp-content\/uploads\/\/2021\/04\/demo-request-gate-group-logo-01.svg 2048w\" sizes=\"auto, (max-width: 1024px) 100vw, 1024px\" \/>\t\t\t\t\t\t\t\t\t\t\t\t\t\t\t<\/div>\n\t\t\t\t<div class=\"elementor-element elementor-element-4e84a88 logo-gallery exad-sticky-section-no exad-glass-effect-no ob-has-background-overlay elementor-widget elementor-widget-image\" data-id=\"4e84a88\" data-element_type=\"widget\" data-e-type=\"widget\" data-settings=\"{&quot;_ob_photomorph_use&quot;:&quot;no&quot;,&quot;_ob_widget_stalker_use&quot;:&quot;no&quot;,&quot;_ob_poopart_use&quot;:&quot;yes&quot;,&quot;_ob_shadough_use&quot;:&quot;no&quot;,&quot;_ob_allow_hoveranimator&quot;:&quot;no&quot;}\" data-widget_type=\"image.default\">\n\t\t\t\t\t\t\t\t\t\t\t\t\t\t\t<img loading=\"lazy\" decoding=\"async\" width=\"1024\" height=\"1024\" src=\"https:\/\/get.apicbase.com\/wp-content\/uploads\/2021\/04\/demo-request-sodexo-logo-01.svg\" class=\"attachment-large size-large wp-image-20531\" alt=\"\" srcset=\"https:\/\/get.apicbase.com\/wp-content\/uploads\/\/2021\/04\/demo-request-sodexo-logo-01.svg 150w, https:\/\/get.apicbase.com\/wp-content\/uploads\/\/2021\/04\/demo-request-sodexo-logo-01.svg 300w, https:\/\/get.apicbase.com\/wp-content\/uploads\/\/2021\/04\/demo-request-sodexo-logo-01.svg 1024w, https:\/\/get.apicbase.com\/wp-content\/uploads\/\/2021\/04\/demo-request-sodexo-logo-01.svg 1536w, https:\/\/get.apicbase.com\/wp-content\/uploads\/\/2021\/04\/demo-request-sodexo-logo-01.svg 2048w\" sizes=\"auto, (max-width: 1024px) 100vw, 1024px\" \/>\t\t\t\t\t\t\t\t\t\t\t\t\t\t\t<\/div>\n\t\t\t\t<div class=\"elementor-element elementor-element-22f366c0 logo-gallery exad-sticky-section-no exad-glass-effect-no ob-has-background-overlay elementor-widget elementor-widget-image\" data-id=\"22f366c0\" data-element_type=\"widget\" data-e-type=\"widget\" data-settings=\"{&quot;_ob_photomorph_use&quot;:&quot;no&quot;,&quot;_ob_widget_stalker_use&quot;:&quot;no&quot;,&quot;_ob_poopart_use&quot;:&quot;yes&quot;,&quot;_ob_shadough_use&quot;:&quot;no&quot;,&quot;_ob_allow_hoveranimator&quot;:&quot;no&quot;}\" data-widget_type=\"image.default\">\n\t\t\t\t\t\t\t\t\t\t\t\t\t\t\t<img loading=\"lazy\" decoding=\"async\" width=\"1024\" height=\"1024\" src=\"https:\/\/get.apicbase.com\/wp-content\/uploads\/2021\/04\/demo-request-not-so-dark-logo-01.svg\" class=\"attachment-large size-large wp-image-20535\" alt=\"\" srcset=\"https:\/\/get.apicbase.com\/wp-content\/uploads\/\/2021\/04\/demo-request-not-so-dark-logo-01.svg 150w, https:\/\/get.apicbase.com\/wp-content\/uploads\/\/2021\/04\/demo-request-not-so-dark-logo-01.svg 300w, https:\/\/get.apicbase.com\/wp-content\/uploads\/\/2021\/04\/demo-request-not-so-dark-logo-01.svg 1024w, https:\/\/get.apicbase.com\/wp-content\/uploads\/\/2021\/04\/demo-request-not-so-dark-logo-01.svg 1536w, https:\/\/get.apicbase.com\/wp-content\/uploads\/\/2021\/04\/demo-request-not-so-dark-logo-01.svg 2048w\" sizes=\"auto, (max-width: 1024px) 100vw, 1024px\" \/>\t\t\t\t\t\t\t\t\t\t\t\t\t\t\t<\/div>\n\t\t\t\t<div class=\"elementor-element elementor-element-3aaa4aed logo-gallery exad-sticky-section-no exad-glass-effect-no ob-has-background-overlay elementor-widget elementor-widget-image\" data-id=\"3aaa4aed\" data-element_type=\"widget\" data-e-type=\"widget\" data-settings=\"{&quot;_ob_photomorph_use&quot;:&quot;no&quot;,&quot;_ob_widget_stalker_use&quot;:&quot;no&quot;,&quot;_ob_poopart_use&quot;:&quot;yes&quot;,&quot;_ob_shadough_use&quot;:&quot;no&quot;,&quot;_ob_allow_hoveranimator&quot;:&quot;no&quot;}\" data-widget_type=\"image.default\">\n\t\t\t\t\t\t\t\t\t\t\t\t\t\t\t<img loading=\"lazy\" decoding=\"async\" width=\"1024\" height=\"1024\" src=\"https:\/\/get.apicbase.com\/wp-content\/uploads\/2021\/04\/demo-request-penta-hotels-logo-01.svg\" class=\"attachment-large size-large wp-image-20539\" alt=\"\" srcset=\"https:\/\/get.apicbase.com\/wp-content\/uploads\/\/2021\/04\/demo-request-penta-hotels-logo-01.svg 150w, https:\/\/get.apicbase.com\/wp-content\/uploads\/\/2021\/04\/demo-request-penta-hotels-logo-01.svg 300w, https:\/\/get.apicbase.com\/wp-content\/uploads\/\/2021\/04\/demo-request-penta-hotels-logo-01.svg 1024w, https:\/\/get.apicbase.com\/wp-content\/uploads\/\/2021\/04\/demo-request-penta-hotels-logo-01.svg 1536w, https:\/\/get.apicbase.com\/wp-content\/uploads\/\/2021\/04\/demo-request-penta-hotels-logo-01.svg 2048w\" sizes=\"auto, (max-width: 1024px) 100vw, 1024px\" \/>\t\t\t\t\t\t\t\t\t\t\t\t\t\t\t<\/div>\n\t\t\t\t<div class=\"elementor-element elementor-element-4df93ea4 logo-gallery exad-sticky-section-no exad-glass-effect-no ob-has-background-overlay elementor-widget elementor-widget-image\" data-id=\"4df93ea4\" data-element_type=\"widget\" data-e-type=\"widget\" data-settings=\"{&quot;_ob_photomorph_use&quot;:&quot;no&quot;,&quot;_ob_widget_stalker_use&quot;:&quot;no&quot;,&quot;_ob_poopart_use&quot;:&quot;yes&quot;,&quot;_ob_shadough_use&quot;:&quot;no&quot;,&quot;_ob_allow_hoveranimator&quot;:&quot;no&quot;}\" data-widget_type=\"image.default\">\n\t\t\t\t\t\t\t\t\t\t\t\t\t\t\t<img loading=\"lazy\" decoding=\"async\" width=\"1024\" height=\"1024\" src=\"https:\/\/get.apicbase.com\/wp-content\/uploads\/2021\/04\/demo-request-feastr-logo-01.svg\" class=\"attachment-large size-large wp-image-20543\" alt=\"\" srcset=\"https:\/\/get.apicbase.com\/wp-content\/uploads\/\/2021\/04\/demo-request-feastr-logo-01.svg 150w, https:\/\/get.apicbase.com\/wp-content\/uploads\/\/2021\/04\/demo-request-feastr-logo-01.svg 300w, https:\/\/get.apicbase.com\/wp-content\/uploads\/\/2021\/04\/demo-request-feastr-logo-01.svg 1024w, https:\/\/get.apicbase.com\/wp-content\/uploads\/\/2021\/04\/demo-request-feastr-logo-01.svg 1536w, https:\/\/get.apicbase.com\/wp-content\/uploads\/\/2021\/04\/demo-request-feastr-logo-01.svg 2048w\" sizes=\"auto, (max-width: 1024px) 100vw, 1024px\" \/>\t\t\t\t\t\t\t\t\t\t\t\t\t\t\t<\/div>\n\t\t\t\t<div class=\"elementor-element elementor-element-5f0b07b3 logo-gallery exad-sticky-section-no exad-glass-effect-no ob-has-background-overlay elementor-widget elementor-widget-image\" data-id=\"5f0b07b3\" data-element_type=\"widget\" data-e-type=\"widget\" data-settings=\"{&quot;_ob_photomorph_use&quot;:&quot;no&quot;,&quot;_ob_widget_stalker_use&quot;:&quot;no&quot;,&quot;_ob_poopart_use&quot;:&quot;yes&quot;,&quot;_ob_shadough_use&quot;:&quot;no&quot;,&quot;_ob_allow_hoveranimator&quot;:&quot;no&quot;}\" data-widget_type=\"image.default\">\n\t\t\t\t\t\t\t\t\t\t\t\t\t\t\t<img loading=\"lazy\" decoding=\"async\" width=\"1024\" height=\"1024\" src=\"https:\/\/get.apicbase.com\/wp-content\/uploads\/2021\/04\/demo-request-ego-logo-01.svg\" class=\"attachment-large size-large wp-image-20547\" alt=\"\" srcset=\"https:\/\/get.apicbase.com\/wp-content\/uploads\/\/2021\/04\/demo-request-ego-logo-01.svg 150w, https:\/\/get.apicbase.com\/wp-content\/uploads\/\/2021\/04\/demo-request-ego-logo-01.svg 300w, https:\/\/get.apicbase.com\/wp-content\/uploads\/\/2021\/04\/demo-request-ego-logo-01.svg 1024w, https:\/\/get.apicbase.com\/wp-content\/uploads\/\/2021\/04\/demo-request-ego-logo-01.svg 1536w, https:\/\/get.apicbase.com\/wp-content\/uploads\/\/2021\/04\/demo-request-ego-logo-01.svg 2048w\" sizes=\"auto, (max-width: 1024px) 100vw, 1024px\" \/>\t\t\t\t\t\t\t\t\t\t\t\t\t\t\t<\/div>\n\t\t\t\t\t<\/div>\n\t\t<\/div>\n\t\t\t\t\t<\/div>\n\t\t<\/section>\n\t\t\t\t\t<\/div>\n\t\t<\/div>\n\t\t\t\t\t<\/div>\n\t\t<\/section>\n\t\t\t\t<\/div>\n\t\t","protected":false},"excerpt":{"rendered":"<p>Vertriebspartner werden Nehmen Sie am Apicbase-Partnerprogramm teil Bitte f\u00fcllen Sie das Formular aus. Wir werden uns in K\u00fcrze bei Ihnen melden, um uns \u00fcber eine m\u00f6gliche Partnerschaft zu unterhalten. UNTERST\u00dcTZT \u00dcBER 1000 STANDORTE IN MEHR ALS 25 L\u00c4NDERN<\/p>\n","protected":false},"author":10,"featured_media":0,"parent":0,"menu_order":0,"comment_status":"closed","ping_status":"closed","template":"","meta":{"_acf_changed":false,"content-type":"","footnotes":""},"class_list":["post-22058","page","type-page","status-publish","hentry"],"acf":[],"yoast_head":"<!-- This site is optimized with the Yoast SEO Premium plugin v26.8 (Yoast SEO v27.2) - https:\/\/yoast.com\/product\/yoast-seo-premium-wordpress\/ -->\n<title>Vertriebspartner werden - Apicbase<\/title>\n<meta name=\"description\" content=\"Entdecken Sie die Vorteile einer Partnerschaft mit Apicbase. Werden Sie Vertriebspartner und profitieren Sie von innovativen L\u00f6sungen f\u00fcr die Gastronomie.\" \/>\n<meta name=\"robots\" content=\"index, follow, max-snippet:-1, max-image-preview:large, max-video-preview:-1\" \/>\n<link rel=\"canonical\" href=\"https:\/\/get.apicbase.com\/de\/vertriebspartner-werden\/\" \/>\n<meta property=\"og:locale\" content=\"de_DE\" \/>\n<meta property=\"og:type\" content=\"article\" \/>\n<meta property=\"og:title\" content=\"Vertriebspartner werden\" \/>\n<meta property=\"og:description\" content=\"Entdecken Sie die Vorteile einer Partnerschaft mit Apicbase. Werden Sie Vertriebspartner und profitieren Sie von innovativen L\u00f6sungen f\u00fcr die Gastronomie.\" \/>\n<meta property=\"og:url\" content=\"https:\/\/get.apicbase.com\/de\/vertriebspartner-werden\/\" \/>\n<meta property=\"og:site_name\" content=\"Apicbase\" \/>\n<meta property=\"article:publisher\" content=\"https:\/\/www.facebook.com\/apicbase\/\" \/>\n<meta property=\"article:modified_time\" content=\"2024-02-13T10:36:21+00:00\" \/>\n<meta property=\"og:image\" content=\"https:\/\/get.apicbase.com\/wp-content\/uploads\/2021\/04\/demo-request-gate-group-logo-01.svg\" \/>\n<meta name=\"twitter:card\" content=\"summary_large_image\" \/>\n<meta name=\"twitter:site\" content=\"@apicbase\" \/>\n<script type=\"application\/ld+json\" class=\"yoast-schema-graph\">{\"@context\":\"https:\/\/schema.org\",\"@graph\":[{\"@type\":\"WebPage\",\"@id\":\"https:\/\/get.apicbase.com\/de\/vertriebspartner-werden\/\",\"url\":\"https:\/\/get.apicbase.com\/de\/vertriebspartner-werden\/\",\"name\":\"Vertriebspartner werden - Apicbase\",\"isPartOf\":{\"@id\":\"https:\/\/get.apicbase.com\/#website\"},\"primaryImageOfPage\":{\"@id\":\"https:\/\/get.apicbase.com\/de\/vertriebspartner-werden\/#primaryimage\"},\"image\":{\"@id\":\"https:\/\/get.apicbase.com\/de\/vertriebspartner-werden\/#primaryimage\"},\"thumbnailUrl\":\"https:\/\/get.apicbase.com\/wp-content\/uploads\/2021\/04\/demo-request-gate-group-logo-01.svg\",\"datePublished\":\"2021-06-05T08:54:58+00:00\",\"dateModified\":\"2024-02-13T10:36:21+00:00\",\"description\":\"Entdecken Sie die Vorteile einer Partnerschaft mit Apicbase. Werden Sie Vertriebspartner und profitieren Sie von innovativen L\u00f6sungen f\u00fcr die Gastronomie.\",\"inLanguage\":\"de-DE\",\"potentialAction\":[{\"@type\":\"ReadAction\",\"target\":[\"https:\/\/get.apicbase.com\/de\/vertriebspartner-werden\/\"]}]},{\"@type\":\"ImageObject\",\"inLanguage\":\"de-DE\",\"@id\":\"https:\/\/get.apicbase.com\/de\/vertriebspartner-werden\/#primaryimage\",\"url\":\"https:\/\/get.apicbase.com\/wp-content\/uploads\/2021\/04\/demo-request-gate-group-logo-01.svg\",\"contentUrl\":\"https:\/\/get.apicbase.com\/wp-content\/uploads\/2021\/04\/demo-request-gate-group-logo-01.svg\"},{\"@type\":\"WebSite\",\"@id\":\"https:\/\/get.apicbase.com\/#website\",\"url\":\"https:\/\/get.apicbase.com\/\",\"name\":\"Apicbase\",\"description\":\"#1 Restaurant Management Software\",\"publisher\":{\"@id\":\"https:\/\/get.apicbase.com\/#organization\"},\"potentialAction\":[{\"@type\":\"SearchAction\",\"target\":{\"@type\":\"EntryPoint\",\"urlTemplate\":\"https:\/\/get.apicbase.com\/?s={search_term_string}\"},\"query-input\":{\"@type\":\"PropertyValueSpecification\",\"valueRequired\":true,\"valueName\":\"search_term_string\"}}],\"inLanguage\":\"de-DE\"},{\"@type\":\"Organization\",\"@id\":\"https:\/\/get.apicbase.com\/#organization\",\"name\":\"Apicbase\",\"url\":\"https:\/\/get.apicbase.com\/\",\"logo\":{\"@type\":\"ImageObject\",\"inLanguage\":\"de-DE\",\"@id\":\"https:\/\/get.apicbase.com\/#\/schema\/logo\/image\/\",\"url\":\"https:\/\/get.apicbase.com\/wp-content\/uploads\/2025\/08\/apicbase-logo-black.svg\",\"contentUrl\":\"https:\/\/get.apicbase.com\/wp-content\/uploads\/2025\/08\/apicbase-logo-black.svg\",\"caption\":\"Apicbase\"},\"image\":{\"@id\":\"https:\/\/get.apicbase.com\/#\/schema\/logo\/image\/\"},\"sameAs\":[\"https:\/\/www.facebook.com\/apicbase\/\",\"https:\/\/x.com\/apicbase\",\"https:\/\/www.instagram.com\/apicbase\/\",\"https:\/\/www.linkedin.com\/company-beta\/5036984\/\",\"https:\/\/www.pinterest.com\/apicbase\/\"]}]}<\/script>\n<!-- \/ Yoast SEO Premium plugin. -->","yoast_head_json":{"title":"Vertriebspartner werden - Apicbase","description":"Entdecken Sie die Vorteile einer Partnerschaft mit Apicbase. Werden Sie Vertriebspartner und profitieren Sie von innovativen L\u00f6sungen f\u00fcr die Gastronomie.","robots":{"index":"index","follow":"follow","max-snippet":"max-snippet:-1","max-image-preview":"max-image-preview:large","max-video-preview":"max-video-preview:-1"},"canonical":"https:\/\/get.apicbase.com\/de\/vertriebspartner-werden\/","og_locale":"de_DE","og_type":"article","og_title":"Vertriebspartner werden","og_description":"Entdecken Sie die Vorteile einer Partnerschaft mit Apicbase. Werden Sie Vertriebspartner und profitieren Sie von innovativen L\u00f6sungen f\u00fcr die Gastronomie.","og_url":"https:\/\/get.apicbase.com\/de\/vertriebspartner-werden\/","og_site_name":"Apicbase","article_publisher":"https:\/\/www.facebook.com\/apicbase\/","article_modified_time":"2024-02-13T10:36:21+00:00","og_image":[{"url":"https:\/\/get.apicbase.com\/wp-content\/uploads\/2021\/04\/demo-request-gate-group-logo-01.svg","type":"","width":"","height":""}],"twitter_card":"summary_large_image","twitter_site":"@apicbase","schema":{"@context":"https:\/\/schema.org","@graph":[{"@type":"WebPage","@id":"https:\/\/get.apicbase.com\/de\/vertriebspartner-werden\/","url":"https:\/\/get.apicbase.com\/de\/vertriebspartner-werden\/","name":"Vertriebspartner werden - Apicbase","isPartOf":{"@id":"https:\/\/get.apicbase.com\/#website"},"primaryImageOfPage":{"@id":"https:\/\/get.apicbase.com\/de\/vertriebspartner-werden\/#primaryimage"},"image":{"@id":"https:\/\/get.apicbase.com\/de\/vertriebspartner-werden\/#primaryimage"},"thumbnailUrl":"https:\/\/get.apicbase.com\/wp-content\/uploads\/2021\/04\/demo-request-gate-group-logo-01.svg","datePublished":"2021-06-05T08:54:58+00:00","dateModified":"2024-02-13T10:36:21+00:00","description":"Entdecken Sie die Vorteile einer Partnerschaft mit Apicbase. Werden Sie Vertriebspartner und profitieren Sie von innovativen L\u00f6sungen f\u00fcr die Gastronomie.","inLanguage":"de-DE","potentialAction":[{"@type":"ReadAction","target":["https:\/\/get.apicbase.com\/de\/vertriebspartner-werden\/"]}]},{"@type":"ImageObject","inLanguage":"de-DE","@id":"https:\/\/get.apicbase.com\/de\/vertriebspartner-werden\/#primaryimage","url":"https:\/\/get.apicbase.com\/wp-content\/uploads\/2021\/04\/demo-request-gate-group-logo-01.svg","contentUrl":"https:\/\/get.apicbase.com\/wp-content\/uploads\/2021\/04\/demo-request-gate-group-logo-01.svg"},{"@type":"WebSite","@id":"https:\/\/get.apicbase.com\/#website","url":"https:\/\/get.apicbase.com\/","name":"Apicbase","description":"#1 Restaurant Management Software","publisher":{"@id":"https:\/\/get.apicbase.com\/#organization"},"potentialAction":[{"@type":"SearchAction","target":{"@type":"EntryPoint","urlTemplate":"https:\/\/get.apicbase.com\/?s={search_term_string}"},"query-input":{"@type":"PropertyValueSpecification","valueRequired":true,"valueName":"search_term_string"}}],"inLanguage":"de-DE"},{"@type":"Organization","@id":"https:\/\/get.apicbase.com\/#organization","name":"Apicbase","url":"https:\/\/get.apicbase.com\/","logo":{"@type":"ImageObject","inLanguage":"de-DE","@id":"https:\/\/get.apicbase.com\/#\/schema\/logo\/image\/","url":"https:\/\/get.apicbase.com\/wp-content\/uploads\/2025\/08\/apicbase-logo-black.svg","contentUrl":"https:\/\/get.apicbase.com\/wp-content\/uploads\/2025\/08\/apicbase-logo-black.svg","caption":"Apicbase"},"image":{"@id":"https:\/\/get.apicbase.com\/#\/schema\/logo\/image\/"},"sameAs":["https:\/\/www.facebook.com\/apicbase\/","https:\/\/x.com\/apicbase","https:\/\/www.instagram.com\/apicbase\/","https:\/\/www.linkedin.com\/company-beta\/5036984\/","https:\/\/www.pinterest.com\/apicbase\/"]}]}},"_links":{"self":[{"href":"https:\/\/get.apicbase.com\/de\/wp-json\/wp\/v2\/pages\/22058","targetHints":{"allow":["GET"]}}],"collection":[{"href":"https:\/\/get.apicbase.com\/de\/wp-json\/wp\/v2\/pages"}],"about":[{"href":"https:\/\/get.apicbase.com\/de\/wp-json\/wp\/v2\/types\/page"}],"author":[{"embeddable":true,"href":"https:\/\/get.apicbase.com\/de\/wp-json\/wp\/v2\/users\/10"}],"replies":[{"embeddable":true,"href":"https:\/\/get.apicbase.com\/de\/wp-json\/wp\/v2\/comments?post=22058"}],"version-history":[{"count":0,"href":"https:\/\/get.apicbase.com\/de\/wp-json\/wp\/v2\/pages\/22058\/revisions"}],"wp:attachment":[{"href":"https:\/\/get.apicbase.com\/de\/wp-json\/wp\/v2\/media?parent=22058"}],"curies":[{"name":"wp","href":"https:\/\/api.w.org\/{rel}","templated":true}]}}