{"id":25950,"date":"2021-12-08T14:53:53","date_gmt":"2021-12-08T13:53:53","guid":{"rendered":"https:\/\/apicstaging.wpengine.com\/obtenga-visita-producto\/"},"modified":"2025-06-24T16:00:09","modified_gmt":"2025-06-24T15:00:09","slug":"demo","status":"publish","type":"page","link":"https:\/\/get.apicbase.com\/es\/demo\/","title":{"rendered":"Demo"},"content":{"rendered":"\t\t<div data-elementor-type=\"wp-page\" data-elementor-id=\"25950\" class=\"elementor elementor-25950 elementor-19752\" data-elementor-settings=\"{&quot;ha_cmc_init_switcher&quot;:&quot;no&quot;}\" data-elementor-post-type=\"page\">\n\t\t\t\t\t\t<section data-particle_enable=\"false\" data-particle-mobile-disabled=\"false\" class=\"elementor-section elementor-top-section elementor-element elementor-element-e9c6787 elementor-reverse-tablet elementor-reverse-mobile product-hero elementor-section-boxed elementor-section-height-default elementor-section-height-default exad-glass-effect-no exad-sticky-section-no\" data-id=\"e9c6787\" data-element_type=\"section\" data-e-type=\"section\" data-settings=\"{&quot;background_background&quot;:&quot;gradient&quot;,&quot;_ob_glider_is_slider&quot;:&quot;no&quot;,&quot;_ha_eqh_enable&quot;:false}\">\n\t\t\t\t\t\t\t<div class=\"elementor-background-overlay\"><\/div>\n\t\t\t\t\t\t\t<div class=\"elementor-container elementor-column-gap-no\">\n\t\t\t\t\t<div class=\"elementor-column elementor-col-100 elementor-top-column elementor-element elementor-element-2d9696b exad-glass-effect-no exad-sticky-section-no\" data-id=\"2d9696b\" data-element_type=\"column\" data-e-type=\"column\" data-settings=\"{&quot;_ob_column_hoveranimator&quot;:&quot;no&quot;,&quot;_ob_column_has_pseudo&quot;:&quot;no&quot;}\">\n\t\t\t<div class=\"elementor-widget-wrap elementor-element-populated\">\n\t\t\t\t\t\t<section data-particle_enable=\"false\" data-particle-mobile-disabled=\"false\" class=\"elementor-section elementor-inner-section elementor-element elementor-element-99c19ab elementor-section-boxed elementor-section-height-default elementor-section-height-default exad-glass-effect-no exad-sticky-section-no\" data-id=\"99c19ab\" data-element_type=\"section\" data-e-type=\"section\" data-settings=\"{&quot;_ob_glider_is_slider&quot;:&quot;no&quot;,&quot;_ha_eqh_enable&quot;:false}\">\n\t\t\t\t\t\t<div class=\"elementor-container elementor-column-gap-no\">\n\t\t\t\t\t<div class=\"elementor-column elementor-col-50 elementor-inner-column elementor-element elementor-element-1f2cf15 exad-glass-effect-no exad-sticky-section-no\" data-id=\"1f2cf15\" data-element_type=\"column\" data-e-type=\"column\" data-settings=\"{&quot;_ob_column_hoveranimator&quot;:&quot;no&quot;,&quot;_ob_column_has_pseudo&quot;:&quot;no&quot;}\">\n\t\t\t<div class=\"elementor-widget-wrap elementor-element-populated\">\n\t\t\t\t\t\t<div class=\"elementor-element elementor-element-cf91a09 hero-small-header ob-harakiri-inherit exad-sticky-section-no exad-glass-effect-no ob-has-background-overlay elementor-widget elementor-widget-heading\" data-id=\"cf91a09\" data-element_type=\"widget\" data-e-type=\"widget\" data-settings=\"{&quot;_ob_use_harakiri&quot;:&quot;yes&quot;,&quot;_ob_harakiri_writing_mode&quot;:&quot;inherit&quot;,&quot;_ob_harakiri_text_clip&quot;:&quot;none&quot;,&quot;_ob_widget_stalker_use&quot;:&quot;no&quot;,&quot;_ob_poopart_use&quot;:&quot;yes&quot;,&quot;_ob_shadough_use&quot;:&quot;no&quot;,&quot;_ob_allow_hoveranimator&quot;:&quot;no&quot;}\" data-widget_type=\"heading.default\">\n\t\t\t\t\t<p class=\"elementor-heading-title elementor-size-default\">Recibe un tour del producto<\/p>\t\t\t\t<\/div>\n\t\t\t\t<div class=\"elementor-element elementor-element-8f5c08b elementor-widget-tablet__width-inherit elementor-widget-mobile__width-inherit hero-large-header ob-harakiri-inherit exad-sticky-section-no exad-glass-effect-no ob-has-background-overlay elementor-widget elementor-widget-heading\" data-id=\"8f5c08b\" data-element_type=\"widget\" data-e-type=\"widget\" data-settings=\"{&quot;_ob_use_harakiri&quot;:&quot;yes&quot;,&quot;_ob_harakiri_writing_mode&quot;:&quot;inherit&quot;,&quot;_ob_harakiri_text_clip&quot;:&quot;none&quot;,&quot;_ob_widget_stalker_use&quot;:&quot;no&quot;,&quot;_ob_poopart_use&quot;:&quot;yes&quot;,&quot;_ob_shadough_use&quot;:&quot;no&quot;,&quot;_ob_allow_hoveranimator&quot;:&quot;no&quot;}\" data-widget_type=\"heading.default\">\n\t\t\t\t\t<h1 class=\"elementor-heading-title elementor-size-default\">Ver Apicbase en acci\u00f3n<\/h1>\t\t\t\t<\/div>\n\t\t\t\t<div class=\"elementor-element elementor-element-764eea6 hero-intro-text ob-harakiri-inherit exad-sticky-section-no exad-glass-effect-no ob-has-background-overlay elementor-widget elementor-widget-heading\" data-id=\"764eea6\" data-element_type=\"widget\" data-e-type=\"widget\" data-settings=\"{&quot;_ob_use_harakiri&quot;:&quot;yes&quot;,&quot;_ob_harakiri_writing_mode&quot;:&quot;inherit&quot;,&quot;_ob_harakiri_text_clip&quot;:&quot;none&quot;,&quot;_ob_widget_stalker_use&quot;:&quot;no&quot;,&quot;_ob_poopart_use&quot;:&quot;yes&quot;,&quot;_ob_shadough_use&quot;:&quot;no&quot;,&quot;_ob_allow_hoveranimator&quot;:&quot;no&quot;}\" data-widget_type=\"heading.default\">\n\t\t\t\t\t<p class=\"elementor-heading-title elementor-size-default\">Cu\u00e9ntanos tus metas y nuestros expertos de producto estar\u00e1n encantados de mostrarte c\u00f3mo Apicbase puede ayudarte a alcanzarlos a trav\u00e9s de una gesti\u00f3n de back-of-house guiada por la informaci\u00f3n.<\/p>\t\t\t\t<\/div>\n\t\t\t\t<div class=\"elementor-element elementor-element-2a048c5 ob-harakiri-inherit exad-sticky-section-no exad-glass-effect-no ob-has-background-overlay elementor-widget elementor-widget-heading\" data-id=\"2a048c5\" data-element_type=\"widget\" data-e-type=\"widget\" data-settings=\"{&quot;_ob_use_harakiri&quot;:&quot;yes&quot;,&quot;_ob_harakiri_writing_mode&quot;:&quot;inherit&quot;,&quot;_ob_harakiri_text_clip&quot;:&quot;none&quot;,&quot;_ob_widget_stalker_use&quot;:&quot;no&quot;,&quot;_ob_poopart_use&quot;:&quot;yes&quot;,&quot;_ob_shadough_use&quot;:&quot;no&quot;,&quot;_ob_allow_hoveranimator&quot;:&quot;no&quot;}\" data-widget_type=\"heading.default\">\n\t\t\t\t\t<p class=\"elementor-heading-title elementor-size-default\">M\u00c1S DE 1.000 SUCURSALES CONF\u00cdAN EN NOSOTROS EN M\u00c1S DE 25 PAISES<\/p>\t\t\t\t<\/div>\n\t\t\t\t<div class=\"elementor-element elementor-element-9cd331b exad-sticky-section-no exad-glass-effect-no ob-has-background-overlay elementor-widget elementor-widget-spacer\" data-id=\"9cd331b\" data-element_type=\"widget\" data-e-type=\"widget\" data-settings=\"{&quot;_ob_spacerat_use&quot;:&quot;no&quot;,&quot;_ob_widget_stalker_use&quot;:&quot;no&quot;,&quot;_ob_poopart_use&quot;:&quot;yes&quot;,&quot;_ob_shadough_use&quot;:&quot;no&quot;,&quot;_ob_allow_hoveranimator&quot;:&quot;no&quot;}\" data-widget_type=\"spacer.default\">\n\t\t\t\t\t\t\t<div class=\"elementor-spacer\">\n\t\t\t<div class=\"elementor-spacer-inner\"><\/div>\n\t\t<\/div>\n\t\t\t\t\t\t<\/div>\n\t\t\t\t<div class=\"elementor-element elementor-element-acddbbc exad-sticky-section-no exad-glass-effect-no ob-has-background-overlay elementor-widget elementor-widget-image-gallery\" data-id=\"acddbbc\" data-element_type=\"widget\" data-e-type=\"widget\" data-settings=\"{&quot;_ob_widget_stalker_use&quot;:&quot;no&quot;,&quot;_ob_poopart_use&quot;:&quot;yes&quot;,&quot;_ob_shadough_use&quot;:&quot;no&quot;,&quot;_ob_allow_hoveranimator&quot;:&quot;no&quot;}\" data-widget_type=\"image-gallery.default\">\n\t\t\t\t\t\t\t<div class=\"elementor-image-gallery\">\n\t\t\t<div id='gallery-1' class='gallery galleryid-25950 gallery-columns-3 gallery-size-thumbnail'><figure class='gallery-item'>\n\t\t\t<div class='gallery-icon '>\n\t\t\t\t<img loading=\"lazy\" decoding=\"async\" width=\"1\" height=\"1\" src=\"https:\/\/get.apicbase.com\/wp-content\/uploads\/2024\/03\/citizenM-1.svg\" class=\"attachment-thumbnail size-thumbnail\" alt=\"\" \/>\n\t\t\t<\/div><\/figure><figure class='gallery-item'>\n\t\t\t<div class='gallery-icon '>\n\t\t\t\t<img loading=\"lazy\" decoding=\"async\" width=\"1\" height=\"1\" src=\"https:\/\/get.apicbase.com\/wp-content\/uploads\/2024\/03\/Sodexo_logo.svg\" class=\"attachment-thumbnail size-thumbnail\" alt=\"\" \/>\n\t\t\t<\/div><\/figure><figure class='gallery-item'>\n\t\t\t<div class='gallery-icon '>\n\t\t\t\t<img loading=\"lazy\" decoding=\"async\" width=\"1\" height=\"1\" src=\"https:\/\/get.apicbase.com\/wp-content\/uploads\/2024\/03\/logo-penta-hotels-1.svg\" class=\"attachment-thumbnail size-thumbnail\" alt=\"\" \/>\n\t\t\t<\/div><\/figure>\n\t\t<\/div>\n\t\t<\/div>\n\t\t\t\t\t\t<\/div>\n\t\t\t\t<div class=\"elementor-element elementor-element-9021d4d exad-sticky-section-no exad-glass-effect-no ob-has-background-overlay elementor-widget elementor-widget-spacer\" data-id=\"9021d4d\" data-element_type=\"widget\" data-e-type=\"widget\" data-settings=\"{&quot;_ob_spacerat_use&quot;:&quot;no&quot;,&quot;_ob_widget_stalker_use&quot;:&quot;no&quot;,&quot;_ob_poopart_use&quot;:&quot;yes&quot;,&quot;_ob_shadough_use&quot;:&quot;no&quot;,&quot;_ob_allow_hoveranimator&quot;:&quot;no&quot;}\" data-widget_type=\"spacer.default\">\n\t\t\t\t\t\t\t<div class=\"elementor-spacer\">\n\t\t\t<div class=\"elementor-spacer-inner\"><\/div>\n\t\t<\/div>\n\t\t\t\t\t\t<\/div>\n\t\t\t\t<div class=\"elementor-element elementor-element-644858d exad-sticky-section-no exad-glass-effect-no ob-has-background-overlay elementor-widget elementor-widget-image-gallery\" data-id=\"644858d\" data-element_type=\"widget\" data-e-type=\"widget\" data-settings=\"{&quot;_ob_widget_stalker_use&quot;:&quot;no&quot;,&quot;_ob_poopart_use&quot;:&quot;yes&quot;,&quot;_ob_shadough_use&quot;:&quot;no&quot;,&quot;_ob_allow_hoveranimator&quot;:&quot;no&quot;}\" data-widget_type=\"image-gallery.default\">\n\t\t\t\t\t\t\t<div class=\"elementor-image-gallery\">\n\t\t\t<div id='gallery-2' class='gallery galleryid-25950 gallery-columns-3 gallery-size-thumbnail'><figure class='gallery-item'>\n\t\t\t<div class='gallery-icon '>\n\t\t\t\t<img loading=\"lazy\" decoding=\"async\" width=\"1\" height=\"1\" src=\"https:\/\/get.apicbase.com\/wp-content\/uploads\/2024\/03\/Oli-Oli-1.svg\" class=\"attachment-thumbnail size-thumbnail\" alt=\"\" \/>\n\t\t\t<\/div><\/figure><figure class='gallery-item'>\n\t\t\t<div class='gallery-icon '>\n\t\t\t\t<img loading=\"lazy\" decoding=\"async\" width=\"1\" height=\"1\" src=\"https:\/\/get.apicbase.com\/wp-content\/uploads\/2024\/03\/Urban-Italian-Group-1.svg\" class=\"attachment-thumbnail size-thumbnail\" alt=\"\" \/>\n\t\t\t<\/div><\/figure><figure class='gallery-item'>\n\t\t\t<div class='gallery-icon '>\n\t\t\t\t<img loading=\"lazy\" decoding=\"async\" width=\"1\" height=\"1\" src=\"https:\/\/get.apicbase.com\/wp-content\/uploads\/2024\/03\/Losteria-1.svg\" class=\"attachment-thumbnail size-thumbnail\" alt=\"\" \/>\n\t\t\t<\/div><\/figure>\n\t\t<\/div>\n\t\t<\/div>\n\t\t\t\t\t\t<\/div>\n\t\t\t\t\t<\/div>\n\t\t<\/div>\n\t\t\t\t<div class=\"elementor-column elementor-col-50 elementor-inner-column elementor-element elementor-element-455a4dd exad-glass-effect-no exad-sticky-section-no\" data-id=\"455a4dd\" data-element_type=\"column\" data-e-type=\"column\" data-settings=\"{&quot;_ob_column_hoveranimator&quot;:&quot;no&quot;,&quot;_ob_column_has_pseudo&quot;:&quot;no&quot;}\">\n\t\t\t<div class=\"elementor-widget-wrap elementor-element-populated\">\n\t\t\t\t\t\t<div class=\"elementor-element elementor-element-53212ef exad-sticky-section-no exad-glass-effect-no ob-has-background-overlay elementor-widget elementor-widget-spacer\" data-id=\"53212ef\" data-element_type=\"widget\" data-e-type=\"widget\" data-settings=\"{&quot;_ob_spacerat_use&quot;:&quot;no&quot;,&quot;_ob_widget_stalker_use&quot;:&quot;no&quot;,&quot;_ob_poopart_use&quot;:&quot;yes&quot;,&quot;_ob_shadough_use&quot;:&quot;no&quot;,&quot;_ob_allow_hoveranimator&quot;:&quot;no&quot;}\" data-widget_type=\"spacer.default\">\n\t\t\t\t\t\t\t<div class=\"elementor-spacer\">\n\t\t\t<div class=\"elementor-spacer-inner\"><\/div>\n\t\t<\/div>\n\t\t\t\t\t\t<\/div>\n\t\t\t\t<div class=\"elementor-element elementor-element-8a68d3c hubspot-contact-form exad-sticky-section-no exad-glass-effect-no ob-has-background-overlay elementor-widget elementor-widget-html\" data-id=\"8a68d3c\" data-element_type=\"widget\" data-e-type=\"widget\" data-settings=\"{&quot;_ob_widget_stalker_use&quot;:&quot;no&quot;,&quot;_ob_poopart_use&quot;:&quot;yes&quot;,&quot;_ob_shadough_use&quot;:&quot;no&quot;,&quot;_ob_allow_hoveranimator&quot;:&quot;no&quot;}\" data-widget_type=\"html.default\">\n\t\t\t\t\t<script charset=\"utf-8\" type=\"text\/javascript\" src=\"\/\/js.hsforms.net\/forms\/embed\/v2.js\"><\/script>\n<script>\n  hbspt.forms.create({\n    portalId: \"5867239\",\n    formId: \"c1f961cf-ca0e-42ec-b33f-f6ead4eb51be\",\n    region: \"na1\"\n  });\n<\/script>\t\t\t\t<\/div>\n\t\t\t\t\t<\/div>\n\t\t<\/div>\n\t\t\t\t\t<\/div>\n\t\t<\/section>\n\t\t\t\t\t<\/div>\n\t\t<\/div>\n\t\t\t\t\t<\/div>\n\t\t<\/section>\n\t\t\t\t<\/div>\n\t\t","protected":false},"excerpt":{"rendered":"<p>Recibe un tour del producto Ver Apicbase en acci\u00f3n Cu\u00e9ntanos tus metas y nuestros expertos de producto estar\u00e1n encantados de mostrarte c\u00f3mo Apicbase puede ayudarte a alcanzarlos a trav\u00e9s de una gesti\u00f3n de back-of-house guiada por la informaci\u00f3n. M\u00c1S DE 1.000 SUCURSALES CONF\u00cdAN EN NOSOTROS EN M\u00c1S DE 25 PAISES<\/p>\n","protected":false},"author":10,"featured_media":0,"parent":0,"menu_order":28,"comment_status":"closed","ping_status":"closed","template":"","meta":{"_acf_changed":false,"content-type":"","footnotes":""},"class_list":["post-25950","page","type-page","status-publish","hentry"],"acf":[],"yoast_head":"<!-- This site is optimized with the Yoast SEO Premium plugin v26.8 (Yoast SEO v27.2) - https:\/\/yoast.com\/product\/yoast-seo-premium-wordpress\/ -->\n<title>Recibe un tour del producto - Ver Apicbase en acci\u00f3n<\/title>\n<meta name=\"description\" content=\"Apicbase puede ayudarle a alcanzarlos a trav\u00e9s de la gesti\u00f3n de sus procesos alimentarios basado en datos.\" \/>\n<meta name=\"robots\" content=\"index, follow, max-snippet:-1, max-image-preview:large, max-video-preview:-1\" \/>\n<link rel=\"canonical\" href=\"https:\/\/get.apicbase.com\/es\/demo\/\" \/>\n<meta property=\"og:locale\" content=\"es_ES\" \/>\n<meta property=\"og:type\" content=\"article\" \/>\n<meta property=\"og:title\" content=\"Demo\" \/>\n<meta property=\"og:description\" content=\"Apicbase puede ayudarle a alcanzarlos a trav\u00e9s de la gesti\u00f3n de sus procesos alimentarios basado en datos.\" \/>\n<meta property=\"og:url\" content=\"https:\/\/get.apicbase.com\/es\/demo\/\" \/>\n<meta property=\"og:site_name\" content=\"Apicbase\" \/>\n<meta property=\"article:publisher\" content=\"https:\/\/www.facebook.com\/apicbase\/\" \/>\n<meta property=\"article:modified_time\" content=\"2025-06-24T15:00:09+00:00\" \/>\n<meta property=\"og:image\" content=\"https:\/\/get.apicbase.com\/wp-content\/uploads\/2024\/03\/citizenM-1.svg\" \/>\n<meta name=\"twitter:card\" content=\"summary_large_image\" \/>\n<meta name=\"twitter:site\" content=\"@apicbase\" \/>\n<meta name=\"twitter:label1\" content=\"Tiempo de lectura\" \/>\n\t<meta name=\"twitter:data1\" content=\"2 minutos\" \/>\n<script type=\"application\/ld+json\" class=\"yoast-schema-graph\">{\"@context\":\"https:\/\/schema.org\",\"@graph\":[{\"@type\":\"WebPage\",\"@id\":\"https:\/\/get.apicbase.com\/es\/demo\/\",\"url\":\"https:\/\/get.apicbase.com\/es\/demo\/\",\"name\":\"Recibe un tour del producto - Ver Apicbase en acci\u00f3n\",\"isPartOf\":{\"@id\":\"https:\/\/get.apicbase.com\/#website\"},\"primaryImageOfPage\":{\"@id\":\"https:\/\/get.apicbase.com\/es\/demo\/#primaryimage\"},\"image\":{\"@id\":\"https:\/\/get.apicbase.com\/es\/demo\/#primaryimage\"},\"thumbnailUrl\":\"https:\/\/get.apicbase.com\/wp-content\/uploads\/2024\/03\/citizenM-1.svg\",\"datePublished\":\"2021-12-08T13:53:53+00:00\",\"dateModified\":\"2025-06-24T15:00:09+00:00\",\"description\":\"Apicbase puede ayudarle a alcanzarlos a trav\u00e9s de la gesti\u00f3n de sus procesos alimentarios basado en datos.\",\"inLanguage\":\"es\",\"potentialAction\":[{\"@type\":\"ReadAction\",\"target\":[\"https:\/\/get.apicbase.com\/es\/demo\/\"]}]},{\"@type\":\"ImageObject\",\"inLanguage\":\"es\",\"@id\":\"https:\/\/get.apicbase.com\/es\/demo\/#primaryimage\",\"url\":\"https:\/\/get.apicbase.com\/wp-content\/uploads\/2024\/03\/citizenM-1.svg\",\"contentUrl\":\"https:\/\/get.apicbase.com\/wp-content\/uploads\/2024\/03\/citizenM-1.svg\"},{\"@type\":\"WebSite\",\"@id\":\"https:\/\/get.apicbase.com\/#website\",\"url\":\"https:\/\/get.apicbase.com\/\",\"name\":\"Apicbase\",\"description\":\"#1 Restaurant Management Software\",\"publisher\":{\"@id\":\"https:\/\/get.apicbase.com\/#organization\"},\"potentialAction\":[{\"@type\":\"SearchAction\",\"target\":{\"@type\":\"EntryPoint\",\"urlTemplate\":\"https:\/\/get.apicbase.com\/?s={search_term_string}\"},\"query-input\":{\"@type\":\"PropertyValueSpecification\",\"valueRequired\":true,\"valueName\":\"search_term_string\"}}],\"inLanguage\":\"es\"},{\"@type\":\"Organization\",\"@id\":\"https:\/\/get.apicbase.com\/#organization\",\"name\":\"Apicbase\",\"url\":\"https:\/\/get.apicbase.com\/\",\"logo\":{\"@type\":\"ImageObject\",\"inLanguage\":\"es\",\"@id\":\"https:\/\/get.apicbase.com\/#\/schema\/logo\/image\/\",\"url\":\"https:\/\/get.apicbase.com\/wp-content\/uploads\/2025\/08\/apicbase-logo-black.svg\",\"contentUrl\":\"https:\/\/get.apicbase.com\/wp-content\/uploads\/2025\/08\/apicbase-logo-black.svg\",\"caption\":\"Apicbase\"},\"image\":{\"@id\":\"https:\/\/get.apicbase.com\/#\/schema\/logo\/image\/\"},\"sameAs\":[\"https:\/\/www.facebook.com\/apicbase\/\",\"https:\/\/x.com\/apicbase\",\"https:\/\/www.instagram.com\/apicbase\/\",\"https:\/\/www.linkedin.com\/company-beta\/5036984\/\",\"https:\/\/www.pinterest.com\/apicbase\/\"]}]}<\/script>\n<!-- \/ Yoast SEO Premium plugin. -->","yoast_head_json":{"title":"Recibe un tour del producto - Ver Apicbase en acci\u00f3n","description":"Apicbase puede ayudarle a alcanzarlos a trav\u00e9s de la gesti\u00f3n de sus procesos alimentarios basado en datos.","robots":{"index":"index","follow":"follow","max-snippet":"max-snippet:-1","max-image-preview":"max-image-preview:large","max-video-preview":"max-video-preview:-1"},"canonical":"https:\/\/get.apicbase.com\/es\/demo\/","og_locale":"es_ES","og_type":"article","og_title":"Demo","og_description":"Apicbase puede ayudarle a alcanzarlos a trav\u00e9s de la gesti\u00f3n de sus procesos alimentarios basado en datos.","og_url":"https:\/\/get.apicbase.com\/es\/demo\/","og_site_name":"Apicbase","article_publisher":"https:\/\/www.facebook.com\/apicbase\/","article_modified_time":"2025-06-24T15:00:09+00:00","og_image":[{"url":"https:\/\/get.apicbase.com\/wp-content\/uploads\/2024\/03\/citizenM-1.svg","type":"","width":"","height":""}],"twitter_card":"summary_large_image","twitter_site":"@apicbase","twitter_misc":{"Tiempo de lectura":"2 minutos"},"schema":{"@context":"https:\/\/schema.org","@graph":[{"@type":"WebPage","@id":"https:\/\/get.apicbase.com\/es\/demo\/","url":"https:\/\/get.apicbase.com\/es\/demo\/","name":"Recibe un tour del producto - Ver Apicbase en acci\u00f3n","isPartOf":{"@id":"https:\/\/get.apicbase.com\/#website"},"primaryImageOfPage":{"@id":"https:\/\/get.apicbase.com\/es\/demo\/#primaryimage"},"image":{"@id":"https:\/\/get.apicbase.com\/es\/demo\/#primaryimage"},"thumbnailUrl":"https:\/\/get.apicbase.com\/wp-content\/uploads\/2024\/03\/citizenM-1.svg","datePublished":"2021-12-08T13:53:53+00:00","dateModified":"2025-06-24T15:00:09+00:00","description":"Apicbase puede ayudarle a alcanzarlos a trav\u00e9s de la gesti\u00f3n de sus procesos alimentarios basado en datos.","inLanguage":"es","potentialAction":[{"@type":"ReadAction","target":["https:\/\/get.apicbase.com\/es\/demo\/"]}]},{"@type":"ImageObject","inLanguage":"es","@id":"https:\/\/get.apicbase.com\/es\/demo\/#primaryimage","url":"https:\/\/get.apicbase.com\/wp-content\/uploads\/2024\/03\/citizenM-1.svg","contentUrl":"https:\/\/get.apicbase.com\/wp-content\/uploads\/2024\/03\/citizenM-1.svg"},{"@type":"WebSite","@id":"https:\/\/get.apicbase.com\/#website","url":"https:\/\/get.apicbase.com\/","name":"Apicbase","description":"#1 Restaurant Management Software","publisher":{"@id":"https:\/\/get.apicbase.com\/#organization"},"potentialAction":[{"@type":"SearchAction","target":{"@type":"EntryPoint","urlTemplate":"https:\/\/get.apicbase.com\/?s={search_term_string}"},"query-input":{"@type":"PropertyValueSpecification","valueRequired":true,"valueName":"search_term_string"}}],"inLanguage":"es"},{"@type":"Organization","@id":"https:\/\/get.apicbase.com\/#organization","name":"Apicbase","url":"https:\/\/get.apicbase.com\/","logo":{"@type":"ImageObject","inLanguage":"es","@id":"https:\/\/get.apicbase.com\/#\/schema\/logo\/image\/","url":"https:\/\/get.apicbase.com\/wp-content\/uploads\/2025\/08\/apicbase-logo-black.svg","contentUrl":"https:\/\/get.apicbase.com\/wp-content\/uploads\/2025\/08\/apicbase-logo-black.svg","caption":"Apicbase"},"image":{"@id":"https:\/\/get.apicbase.com\/#\/schema\/logo\/image\/"},"sameAs":["https:\/\/www.facebook.com\/apicbase\/","https:\/\/x.com\/apicbase","https:\/\/www.instagram.com\/apicbase\/","https:\/\/www.linkedin.com\/company-beta\/5036984\/","https:\/\/www.pinterest.com\/apicbase\/"]}]}},"_links":{"self":[{"href":"https:\/\/get.apicbase.com\/es\/wp-json\/wp\/v2\/pages\/25950","targetHints":{"allow":["GET"]}}],"collection":[{"href":"https:\/\/get.apicbase.com\/es\/wp-json\/wp\/v2\/pages"}],"about":[{"href":"https:\/\/get.apicbase.com\/es\/wp-json\/wp\/v2\/types\/page"}],"author":[{"embeddable":true,"href":"https:\/\/get.apicbase.com\/es\/wp-json\/wp\/v2\/users\/10"}],"replies":[{"embeddable":true,"href":"https:\/\/get.apicbase.com\/es\/wp-json\/wp\/v2\/comments?post=25950"}],"version-history":[{"count":0,"href":"https:\/\/get.apicbase.com\/es\/wp-json\/wp\/v2\/pages\/25950\/revisions"}],"wp:attachment":[{"href":"https:\/\/get.apicbase.com\/es\/wp-json\/wp\/v2\/media?parent=25950"}],"curies":[{"name":"wp","href":"https:\/\/api.w.org\/{rel}","templated":true}]}}