{"id":21416,"date":"2021-05-16T08:44:46","date_gmt":"2021-05-16T07:44:46","guid":{"rendered":"https:\/\/apicstaging.wpengine.com\/demande-de-demo\/"},"modified":"2025-06-24T15:35:23","modified_gmt":"2025-06-24T14:35:23","slug":"demo","status":"publish","type":"page","link":"https:\/\/get.apicbase.com\/fr\/demo\/","title":{"rendered":"Demande de d\u00e9mo"},"content":{"rendered":"\t\t<div data-elementor-type=\"wp-page\" data-elementor-id=\"21416\" class=\"elementor elementor-21416 elementor-19752\" data-elementor-settings=\"{&quot;ha_cmc_init_switcher&quot;:&quot;no&quot;}\" data-elementor-post-type=\"page\">\n\t\t\t\t\t\t<section data-particle_enable=\"false\" data-particle-mobile-disabled=\"false\" class=\"elementor-section elementor-top-section elementor-element elementor-element-e9c6787 elementor-reverse-tablet elementor-reverse-mobile product-hero elementor-section-boxed elementor-section-height-default elementor-section-height-default exad-glass-effect-no exad-sticky-section-no\" data-id=\"e9c6787\" data-element_type=\"section\" data-e-type=\"section\" data-settings=\"{&quot;background_background&quot;:&quot;gradient&quot;,&quot;_ob_glider_is_slider&quot;:&quot;no&quot;,&quot;_ha_eqh_enable&quot;:false}\">\n\t\t\t\t\t\t\t<div class=\"elementor-background-overlay\"><\/div>\n\t\t\t\t\t\t\t<div class=\"elementor-container elementor-column-gap-no\">\n\t\t\t\t\t<div class=\"elementor-column elementor-col-50 elementor-top-column elementor-element elementor-element-df140e1 exad-glass-effect-no exad-sticky-section-no\" data-id=\"df140e1\" data-element_type=\"column\" data-e-type=\"column\" data-settings=\"{&quot;_ob_column_hoveranimator&quot;:&quot;no&quot;,&quot;_ob_column_has_pseudo&quot;:&quot;no&quot;}\">\n\t\t\t<div class=\"elementor-widget-wrap elementor-element-populated\">\n\t\t\t\t\t\t<div class=\"elementor-element elementor-element-cf91a09 hero-small-header ob-harakiri-inherit exad-sticky-section-no exad-glass-effect-no ob-has-background-overlay elementor-widget elementor-widget-heading\" data-id=\"cf91a09\" data-element_type=\"widget\" data-e-type=\"widget\" data-settings=\"{&quot;_ob_use_harakiri&quot;:&quot;yes&quot;,&quot;_ob_harakiri_writing_mode&quot;:&quot;inherit&quot;,&quot;_ob_harakiri_text_clip&quot;:&quot;none&quot;,&quot;_ob_widget_stalker_use&quot;:&quot;no&quot;,&quot;_ob_poopart_use&quot;:&quot;yes&quot;,&quot;_ob_shadough_use&quot;:&quot;no&quot;,&quot;_ob_allow_hoveranimator&quot;:&quot;no&quot;}\" data-widget_type=\"heading.default\">\n\t\t\t\t\t<p class=\"elementor-heading-title elementor-size-default\">Obtenez une d\u00e9monstration de produits<\/p>\t\t\t\t<\/div>\n\t\t\t\t<div class=\"elementor-element elementor-element-8f5c08b elementor-widget-tablet__width-inherit elementor-widget-mobile__width-inherit hero-large-header ob-harakiri-inherit exad-sticky-section-no exad-glass-effect-no ob-has-background-overlay elementor-widget elementor-widget-heading\" data-id=\"8f5c08b\" data-element_type=\"widget\" data-e-type=\"widget\" data-settings=\"{&quot;_ob_use_harakiri&quot;:&quot;yes&quot;,&quot;_ob_harakiri_writing_mode&quot;:&quot;inherit&quot;,&quot;_ob_harakiri_text_clip&quot;:&quot;none&quot;,&quot;_ob_widget_stalker_use&quot;:&quot;no&quot;,&quot;_ob_poopart_use&quot;:&quot;yes&quot;,&quot;_ob_shadough_use&quot;:&quot;no&quot;,&quot;_ob_allow_hoveranimator&quot;:&quot;no&quot;}\" data-widget_type=\"heading.default\">\n\t\t\t\t\t<h1 class=\"elementor-heading-title elementor-size-default\">Observez Apicbase en action<\/h1>\t\t\t\t<\/div>\n\t\t\t\t<div class=\"elementor-element elementor-element-764eea6 hero-intro-text ob-harakiri-inherit exad-sticky-section-no exad-glass-effect-no ob-has-background-overlay elementor-widget elementor-widget-heading\" data-id=\"764eea6\" data-element_type=\"widget\" data-e-type=\"widget\" data-settings=\"{&quot;_ob_use_harakiri&quot;:&quot;yes&quot;,&quot;_ob_harakiri_writing_mode&quot;:&quot;inherit&quot;,&quot;_ob_harakiri_text_clip&quot;:&quot;none&quot;,&quot;_ob_widget_stalker_use&quot;:&quot;no&quot;,&quot;_ob_poopart_use&quot;:&quot;yes&quot;,&quot;_ob_shadough_use&quot;:&quot;no&quot;,&quot;_ob_allow_hoveranimator&quot;:&quot;no&quot;}\" data-widget_type=\"heading.default\">\n\t\t\t\t\t<p class=\"elementor-heading-title elementor-size-default\">Parlez-nous de vos objectifs. Nos experts produits seront heureux de vous montrer comment Apicbase peut vous aider \u00e0 les atteindre.<\/p>\t\t\t\t<\/div>\n\t\t\t\t<div class=\"elementor-element elementor-element-2a048c5 ob-harakiri-inherit exad-sticky-section-no exad-glass-effect-no ob-has-background-overlay elementor-widget elementor-widget-heading\" data-id=\"2a048c5\" data-element_type=\"widget\" data-e-type=\"widget\" data-settings=\"{&quot;_ob_use_harakiri&quot;:&quot;yes&quot;,&quot;_ob_harakiri_writing_mode&quot;:&quot;inherit&quot;,&quot;_ob_harakiri_text_clip&quot;:&quot;none&quot;,&quot;_ob_widget_stalker_use&quot;:&quot;no&quot;,&quot;_ob_poopart_use&quot;:&quot;yes&quot;,&quot;_ob_shadough_use&quot;:&quot;no&quot;,&quot;_ob_allow_hoveranimator&quot;:&quot;no&quot;}\" data-widget_type=\"heading.default\">\n\t\t\t\t\t<p class=\"elementor-heading-title elementor-size-default\">+1000 POINTS DE VENTE NOUS FONT CONFIANCE DANS PLUS DE 25 PAYS<\/p>\t\t\t\t<\/div>\n\t\t\t\t<div class=\"elementor-element elementor-element-d9381d0 exad-sticky-section-no exad-glass-effect-no ob-has-background-overlay elementor-widget elementor-widget-spacer\" data-id=\"d9381d0\" data-element_type=\"widget\" data-e-type=\"widget\" data-settings=\"{&quot;_ob_spacerat_use&quot;:&quot;no&quot;,&quot;_ob_widget_stalker_use&quot;:&quot;no&quot;,&quot;_ob_poopart_use&quot;:&quot;yes&quot;,&quot;_ob_shadough_use&quot;:&quot;no&quot;,&quot;_ob_allow_hoveranimator&quot;:&quot;no&quot;}\" data-widget_type=\"spacer.default\">\n\t\t\t\t\t\t\t<div class=\"elementor-spacer\">\n\t\t\t<div class=\"elementor-spacer-inner\"><\/div>\n\t\t<\/div>\n\t\t\t\t\t\t<\/div>\n\t\t\t\t<div class=\"elementor-element elementor-element-6ea3606 exad-sticky-section-no exad-glass-effect-no ob-has-background-overlay elementor-widget elementor-widget-image-gallery\" data-id=\"6ea3606\" data-element_type=\"widget\" data-e-type=\"widget\" data-settings=\"{&quot;_ob_widget_stalker_use&quot;:&quot;no&quot;,&quot;_ob_poopart_use&quot;:&quot;yes&quot;,&quot;_ob_shadough_use&quot;:&quot;no&quot;,&quot;_ob_allow_hoveranimator&quot;:&quot;no&quot;}\" data-widget_type=\"image-gallery.default\">\n\t\t\t\t\t\t\t<div class=\"elementor-image-gallery\">\n\t\t\t<div id='gallery-1' class='gallery galleryid-21416 gallery-columns-3 gallery-size-thumbnail'><figure class='gallery-item'>\n\t\t\t<div class='gallery-icon '>\n\t\t\t\t<img loading=\"lazy\" decoding=\"async\" width=\"1\" height=\"1\" src=\"https:\/\/get.apicbase.com\/wp-content\/uploads\/2024\/03\/citizenM-1.svg\" class=\"attachment-thumbnail size-thumbnail\" alt=\"\" \/>\n\t\t\t<\/div><\/figure><figure class='gallery-item'>\n\t\t\t<div class='gallery-icon '>\n\t\t\t\t<img loading=\"lazy\" decoding=\"async\" width=\"1\" height=\"1\" src=\"https:\/\/get.apicbase.com\/wp-content\/uploads\/2024\/03\/Sodexo_logo.svg\" class=\"attachment-thumbnail size-thumbnail\" alt=\"\" \/>\n\t\t\t<\/div><\/figure><figure class='gallery-item'>\n\t\t\t<div class='gallery-icon '>\n\t\t\t\t<img loading=\"lazy\" decoding=\"async\" width=\"1\" height=\"1\" src=\"https:\/\/get.apicbase.com\/wp-content\/uploads\/2024\/03\/logo-penta-hotels-1.svg\" class=\"attachment-thumbnail size-thumbnail\" alt=\"\" \/>\n\t\t\t<\/div><\/figure>\n\t\t<\/div>\n\t\t<\/div>\n\t\t\t\t\t\t<\/div>\n\t\t\t\t<div class=\"elementor-element elementor-element-5efea30 exad-sticky-section-no exad-glass-effect-no ob-has-background-overlay elementor-widget elementor-widget-spacer\" data-id=\"5efea30\" data-element_type=\"widget\" data-e-type=\"widget\" data-settings=\"{&quot;_ob_spacerat_use&quot;:&quot;no&quot;,&quot;_ob_widget_stalker_use&quot;:&quot;no&quot;,&quot;_ob_poopart_use&quot;:&quot;yes&quot;,&quot;_ob_shadough_use&quot;:&quot;no&quot;,&quot;_ob_allow_hoveranimator&quot;:&quot;no&quot;}\" data-widget_type=\"spacer.default\">\n\t\t\t\t\t\t\t<div class=\"elementor-spacer\">\n\t\t\t<div class=\"elementor-spacer-inner\"><\/div>\n\t\t<\/div>\n\t\t\t\t\t\t<\/div>\n\t\t\t\t<div class=\"elementor-element elementor-element-307c7ca exad-sticky-section-no exad-glass-effect-no ob-has-background-overlay elementor-widget elementor-widget-image-gallery\" data-id=\"307c7ca\" data-element_type=\"widget\" data-e-type=\"widget\" data-settings=\"{&quot;_ob_widget_stalker_use&quot;:&quot;no&quot;,&quot;_ob_poopart_use&quot;:&quot;yes&quot;,&quot;_ob_shadough_use&quot;:&quot;no&quot;,&quot;_ob_allow_hoveranimator&quot;:&quot;no&quot;}\" data-widget_type=\"image-gallery.default\">\n\t\t\t\t\t\t\t<div class=\"elementor-image-gallery\">\n\t\t\t<div id='gallery-2' class='gallery galleryid-21416 gallery-columns-3 gallery-size-thumbnail'><figure class='gallery-item'>\n\t\t\t<div class='gallery-icon '>\n\t\t\t\t<img loading=\"lazy\" decoding=\"async\" width=\"1\" height=\"1\" src=\"https:\/\/get.apicbase.com\/wp-content\/uploads\/2024\/03\/Oli-Oli-1.svg\" class=\"attachment-thumbnail size-thumbnail\" alt=\"\" \/>\n\t\t\t<\/div><\/figure><figure class='gallery-item'>\n\t\t\t<div class='gallery-icon '>\n\t\t\t\t<img loading=\"lazy\" decoding=\"async\" width=\"1\" height=\"1\" src=\"https:\/\/get.apicbase.com\/wp-content\/uploads\/2024\/03\/Urban-Italian-Group-1.svg\" class=\"attachment-thumbnail size-thumbnail\" alt=\"\" \/>\n\t\t\t<\/div><\/figure><figure class='gallery-item'>\n\t\t\t<div class='gallery-icon '>\n\t\t\t\t<img loading=\"lazy\" decoding=\"async\" width=\"1\" height=\"1\" src=\"https:\/\/get.apicbase.com\/wp-content\/uploads\/2024\/03\/Losteria-1.svg\" class=\"attachment-thumbnail size-thumbnail\" alt=\"\" \/>\n\t\t\t<\/div><\/figure>\n\t\t<\/div>\n\t\t<\/div>\n\t\t\t\t\t\t<\/div>\n\t\t\t\t\t<\/div>\n\t\t<\/div>\n\t\t\t\t<div class=\"elementor-column elementor-col-50 elementor-top-column elementor-element elementor-element-f934d5c exad-glass-effect-no exad-sticky-section-no\" data-id=\"f934d5c\" data-element_type=\"column\" data-e-type=\"column\" data-settings=\"{&quot;_ob_column_hoveranimator&quot;:&quot;no&quot;,&quot;_ob_column_has_pseudo&quot;:&quot;no&quot;}\">\n\t\t\t<div class=\"elementor-widget-wrap elementor-element-populated\">\n\t\t\t\t\t\t<div class=\"elementor-element elementor-element-d23abb0 hubspot-contact-form exad-sticky-section-no exad-glass-effect-no ob-has-background-overlay elementor-widget elementor-widget-html\" data-id=\"d23abb0\" data-element_type=\"widget\" data-e-type=\"widget\" data-settings=\"{&quot;_ob_widget_stalker_use&quot;:&quot;no&quot;,&quot;_ob_poopart_use&quot;:&quot;yes&quot;,&quot;_ob_shadough_use&quot;:&quot;no&quot;,&quot;_ob_allow_hoveranimator&quot;:&quot;no&quot;}\" data-widget_type=\"html.default\">\n\t\t\t\t\t<script charset=\"utf-8\" type=\"text\/javascript\" src=\"\/\/js.hsforms.net\/forms\/embed\/v2.js\"><\/script>\n<script>\n  hbspt.forms.create({\n    portalId: \"5867239\",\n    formId: \"68a43ef2-c012-4670-816a-600aced5fe50\",\n    region: \"na1\"\n  });\n<\/script>\t\t\t\t<\/div>\n\t\t\t\t\t<\/div>\n\t\t<\/div>\n\t\t\t\t\t<\/div>\n\t\t<\/section>\n\t\t\t\t<\/div>\n\t\t","protected":false},"excerpt":{"rendered":"<p>Obtenez une d\u00e9monstration de produits Observez Apicbase en action Parlez-nous de vos objectifs. Nos experts produits seront heureux de vous montrer comment Apicbase peut vous aider \u00e0 les atteindre. +1000 POINTS DE VENTE NOUS FONT CONFIANCE DANS PLUS DE 25 PAYS<\/p>\n","protected":false},"author":10,"featured_media":0,"parent":0,"menu_order":28,"comment_status":"closed","ping_status":"closed","template":"","meta":{"_acf_changed":false,"content-type":"","footnotes":""},"class_list":["post-21416","page","type-page","status-publish","hentry"],"acf":[],"yoast_head":"<!-- This site is optimized with the Yoast SEO Premium plugin v26.8 (Yoast SEO v27.2) - https:\/\/yoast.com\/product\/yoast-seo-premium-wordpress\/ -->\n<title>Demande de d\u00e9mo - Apicbase<\/title>\n<meta name=\"description\" content=\"D\u00e9couvrez Apicbase en action avec notre d\u00e9mo. G\u00e9rez efficacement vos op\u00e9rations de restauration.\" \/>\n<meta name=\"robots\" content=\"index, follow, max-snippet:-1, max-image-preview:large, max-video-preview:-1\" \/>\n<link rel=\"canonical\" href=\"https:\/\/get.apicbase.com\/request-demo\/\" \/>\n<meta property=\"og:locale\" content=\"fr_FR\" \/>\n<meta property=\"og:type\" content=\"article\" \/>\n<meta property=\"og:title\" content=\"Demande de d\u00e9mo\" \/>\n<meta property=\"og:description\" content=\"D\u00e9couvrez Apicbase en action avec notre d\u00e9mo. G\u00e9rez efficacement vos op\u00e9rations de restauration.\" \/>\n<meta property=\"og:url\" content=\"https:\/\/get.apicbase.com\/request-demo\/\" \/>\n<meta property=\"og:site_name\" content=\"Apicbase\" \/>\n<meta property=\"article:publisher\" content=\"https:\/\/www.facebook.com\/apicbase\/\" \/>\n<meta property=\"article:modified_time\" content=\"2025-06-24T14:35:23+00:00\" \/>\n<meta property=\"og:image\" content=\"https:\/\/get.apicbase.com\/wp-content\/uploads\/2024\/03\/citizenM-1.svg\" \/>\n<meta name=\"twitter:card\" content=\"summary_large_image\" \/>\n<meta name=\"twitter:site\" content=\"@apicbase\" \/>\n<meta name=\"twitter:label1\" content=\"Dur\u00e9e de lecture estim\u00e9e\" \/>\n\t<meta name=\"twitter:data1\" content=\"2 minutes\" \/>\n<script type=\"application\/ld+json\" class=\"yoast-schema-graph\">{\"@context\":\"https:\/\/schema.org\",\"@graph\":[{\"@type\":\"WebPage\",\"@id\":\"https:\/\/get.apicbase.com\/request-demo\/\",\"url\":\"https:\/\/get.apicbase.com\/request-demo\/\",\"name\":\"Demande de d\u00e9mo - Apicbase\",\"isPartOf\":{\"@id\":\"https:\/\/get.apicbase.com\/#website\"},\"primaryImageOfPage\":{\"@id\":\"https:\/\/get.apicbase.com\/request-demo\/#primaryimage\"},\"image\":{\"@id\":\"https:\/\/get.apicbase.com\/request-demo\/#primaryimage\"},\"thumbnailUrl\":\"https:\/\/get.apicbase.com\/wp-content\/uploads\/2024\/03\/citizenM-1.svg\",\"datePublished\":\"2021-05-16T07:44:46+00:00\",\"dateModified\":\"2025-06-24T14:35:23+00:00\",\"description\":\"D\u00e9couvrez Apicbase en action avec notre d\u00e9mo. G\u00e9rez efficacement vos op\u00e9rations de restauration.\",\"inLanguage\":\"fr-FR\",\"potentialAction\":[{\"@type\":\"ReadAction\",\"target\":[\"https:\/\/get.apicbase.com\/request-demo\/\"]}]},{\"@type\":\"ImageObject\",\"inLanguage\":\"fr-FR\",\"@id\":\"https:\/\/get.apicbase.com\/request-demo\/#primaryimage\",\"url\":\"https:\/\/get.apicbase.com\/wp-content\/uploads\/2024\/03\/citizenM-1.svg\",\"contentUrl\":\"https:\/\/get.apicbase.com\/wp-content\/uploads\/2024\/03\/citizenM-1.svg\"},{\"@type\":\"WebSite\",\"@id\":\"https:\/\/get.apicbase.com\/#website\",\"url\":\"https:\/\/get.apicbase.com\/\",\"name\":\"Apicbase\",\"description\":\"#1 Restaurant Management Software\",\"publisher\":{\"@id\":\"https:\/\/get.apicbase.com\/#organization\"},\"potentialAction\":[{\"@type\":\"SearchAction\",\"target\":{\"@type\":\"EntryPoint\",\"urlTemplate\":\"https:\/\/get.apicbase.com\/?s={search_term_string}\"},\"query-input\":{\"@type\":\"PropertyValueSpecification\",\"valueRequired\":true,\"valueName\":\"search_term_string\"}}],\"inLanguage\":\"fr-FR\"},{\"@type\":\"Organization\",\"@id\":\"https:\/\/get.apicbase.com\/#organization\",\"name\":\"Apicbase\",\"url\":\"https:\/\/get.apicbase.com\/\",\"logo\":{\"@type\":\"ImageObject\",\"inLanguage\":\"fr-FR\",\"@id\":\"https:\/\/get.apicbase.com\/#\/schema\/logo\/image\/\",\"url\":\"https:\/\/get.apicbase.com\/wp-content\/uploads\/2025\/08\/apicbase-logo-black.svg\",\"contentUrl\":\"https:\/\/get.apicbase.com\/wp-content\/uploads\/2025\/08\/apicbase-logo-black.svg\",\"caption\":\"Apicbase\"},\"image\":{\"@id\":\"https:\/\/get.apicbase.com\/#\/schema\/logo\/image\/\"},\"sameAs\":[\"https:\/\/www.facebook.com\/apicbase\/\",\"https:\/\/x.com\/apicbase\",\"https:\/\/www.instagram.com\/apicbase\/\",\"https:\/\/www.linkedin.com\/company-beta\/5036984\/\",\"https:\/\/www.pinterest.com\/apicbase\/\"]}]}<\/script>\n<!-- \/ Yoast SEO Premium plugin. -->","yoast_head_json":{"title":"Demande de d\u00e9mo - Apicbase","description":"D\u00e9couvrez Apicbase en action avec notre d\u00e9mo. G\u00e9rez efficacement vos op\u00e9rations de restauration.","robots":{"index":"index","follow":"follow","max-snippet":"max-snippet:-1","max-image-preview":"max-image-preview:large","max-video-preview":"max-video-preview:-1"},"canonical":"https:\/\/get.apicbase.com\/request-demo\/","og_locale":"fr_FR","og_type":"article","og_title":"Demande de d\u00e9mo","og_description":"D\u00e9couvrez Apicbase en action avec notre d\u00e9mo. G\u00e9rez efficacement vos op\u00e9rations de restauration.","og_url":"https:\/\/get.apicbase.com\/request-demo\/","og_site_name":"Apicbase","article_publisher":"https:\/\/www.facebook.com\/apicbase\/","article_modified_time":"2025-06-24T14:35:23+00:00","og_image":[{"url":"https:\/\/get.apicbase.com\/wp-content\/uploads\/2024\/03\/citizenM-1.svg","type":"","width":"","height":""}],"twitter_card":"summary_large_image","twitter_site":"@apicbase","twitter_misc":{"Dur\u00e9e de lecture estim\u00e9e":"2 minutes"},"schema":{"@context":"https:\/\/schema.org","@graph":[{"@type":"WebPage","@id":"https:\/\/get.apicbase.com\/request-demo\/","url":"https:\/\/get.apicbase.com\/request-demo\/","name":"Demande de d\u00e9mo - Apicbase","isPartOf":{"@id":"https:\/\/get.apicbase.com\/#website"},"primaryImageOfPage":{"@id":"https:\/\/get.apicbase.com\/request-demo\/#primaryimage"},"image":{"@id":"https:\/\/get.apicbase.com\/request-demo\/#primaryimage"},"thumbnailUrl":"https:\/\/get.apicbase.com\/wp-content\/uploads\/2024\/03\/citizenM-1.svg","datePublished":"2021-05-16T07:44:46+00:00","dateModified":"2025-06-24T14:35:23+00:00","description":"D\u00e9couvrez Apicbase en action avec notre d\u00e9mo. G\u00e9rez efficacement vos op\u00e9rations de restauration.","inLanguage":"fr-FR","potentialAction":[{"@type":"ReadAction","target":["https:\/\/get.apicbase.com\/request-demo\/"]}]},{"@type":"ImageObject","inLanguage":"fr-FR","@id":"https:\/\/get.apicbase.com\/request-demo\/#primaryimage","url":"https:\/\/get.apicbase.com\/wp-content\/uploads\/2024\/03\/citizenM-1.svg","contentUrl":"https:\/\/get.apicbase.com\/wp-content\/uploads\/2024\/03\/citizenM-1.svg"},{"@type":"WebSite","@id":"https:\/\/get.apicbase.com\/#website","url":"https:\/\/get.apicbase.com\/","name":"Apicbase","description":"#1 Restaurant Management Software","publisher":{"@id":"https:\/\/get.apicbase.com\/#organization"},"potentialAction":[{"@type":"SearchAction","target":{"@type":"EntryPoint","urlTemplate":"https:\/\/get.apicbase.com\/?s={search_term_string}"},"query-input":{"@type":"PropertyValueSpecification","valueRequired":true,"valueName":"search_term_string"}}],"inLanguage":"fr-FR"},{"@type":"Organization","@id":"https:\/\/get.apicbase.com\/#organization","name":"Apicbase","url":"https:\/\/get.apicbase.com\/","logo":{"@type":"ImageObject","inLanguage":"fr-FR","@id":"https:\/\/get.apicbase.com\/#\/schema\/logo\/image\/","url":"https:\/\/get.apicbase.com\/wp-content\/uploads\/2025\/08\/apicbase-logo-black.svg","contentUrl":"https:\/\/get.apicbase.com\/wp-content\/uploads\/2025\/08\/apicbase-logo-black.svg","caption":"Apicbase"},"image":{"@id":"https:\/\/get.apicbase.com\/#\/schema\/logo\/image\/"},"sameAs":["https:\/\/www.facebook.com\/apicbase\/","https:\/\/x.com\/apicbase","https:\/\/www.instagram.com\/apicbase\/","https:\/\/www.linkedin.com\/company-beta\/5036984\/","https:\/\/www.pinterest.com\/apicbase\/"]}]}},"_links":{"self":[{"href":"https:\/\/get.apicbase.com\/fr\/wp-json\/wp\/v2\/pages\/21416","targetHints":{"allow":["GET"]}}],"collection":[{"href":"https:\/\/get.apicbase.com\/fr\/wp-json\/wp\/v2\/pages"}],"about":[{"href":"https:\/\/get.apicbase.com\/fr\/wp-json\/wp\/v2\/types\/page"}],"author":[{"embeddable":true,"href":"https:\/\/get.apicbase.com\/fr\/wp-json\/wp\/v2\/users\/10"}],"replies":[{"embeddable":true,"href":"https:\/\/get.apicbase.com\/fr\/wp-json\/wp\/v2\/comments?post=21416"}],"version-history":[{"count":0,"href":"https:\/\/get.apicbase.com\/fr\/wp-json\/wp\/v2\/pages\/21416\/revisions"}],"wp:attachment":[{"href":"https:\/\/get.apicbase.com\/fr\/wp-json\/wp\/v2\/media?parent=21416"}],"curies":[{"name":"wp","href":"https:\/\/api.w.org\/{rel}","templated":true}]}}