{"id":21819,"date":"2021-06-02T09:39:27","date_gmt":"2021-06-02T08:39:27","guid":{"rendered":"https:\/\/apicstaging.wpengine.com\/demande-de-devis\/"},"modified":"2023-08-14T16:13:21","modified_gmt":"2023-08-14T15:13:21","slug":"demande-de-devis","status":"publish","type":"page","link":"https:\/\/get.apicbase.com\/fr\/demande-de-devis\/","title":{"rendered":"Demande de devis"},"content":{"rendered":"\t\t<div data-elementor-type=\"wp-page\" data-elementor-id=\"21819\" class=\"elementor elementor-21819 elementor-19753\" data-elementor-settings=\"{&quot;ha_cmc_init_switcher&quot;:&quot;no&quot;}\" data-elementor-post-type=\"page\">\n\t\t\t\t\t\t<section data-particle_enable=\"false\" data-particle-mobile-disabled=\"false\" class=\"elementor-section elementor-top-section elementor-element elementor-element-74509087 elementor-reverse-tablet elementor-reverse-mobile product-hero elementor-section-boxed elementor-section-height-default elementor-section-height-default exad-glass-effect-no exad-sticky-section-no\" data-id=\"74509087\" data-element_type=\"section\" data-e-type=\"section\" data-settings=\"{&quot;background_background&quot;:&quot;gradient&quot;,&quot;_ob_glider_is_slider&quot;:&quot;no&quot;,&quot;_ha_eqh_enable&quot;:false}\">\n\t\t\t\t\t\t\t<div class=\"elementor-background-overlay\"><\/div>\n\t\t\t\t\t\t\t<div class=\"elementor-container elementor-column-gap-no\">\n\t\t\t\t\t<div class=\"elementor-column elementor-col-100 elementor-top-column elementor-element elementor-element-71cf1660 exad-glass-effect-no exad-sticky-section-no\" data-id=\"71cf1660\" data-element_type=\"column\" data-e-type=\"column\" data-settings=\"{&quot;_ob_column_hoveranimator&quot;:&quot;no&quot;,&quot;_ob_column_has_pseudo&quot;:&quot;no&quot;}\">\n\t\t\t<div class=\"elementor-widget-wrap elementor-element-populated\">\n\t\t\t\t\t\t<section data-particle_enable=\"false\" data-particle-mobile-disabled=\"false\" class=\"elementor-section elementor-inner-section elementor-element elementor-element-72e78994 elementor-section-boxed elementor-section-height-default elementor-section-height-default exad-glass-effect-no exad-sticky-section-no\" data-id=\"72e78994\" data-element_type=\"section\" data-e-type=\"section\" data-settings=\"{&quot;_ob_glider_is_slider&quot;:&quot;no&quot;,&quot;_ha_eqh_enable&quot;:false}\">\n\t\t\t\t\t\t<div class=\"elementor-container elementor-column-gap-no\">\n\t\t\t\t\t<div class=\"elementor-column elementor-col-100 elementor-inner-column elementor-element elementor-element-759c16ee exad-glass-effect-no exad-sticky-section-no\" data-id=\"759c16ee\" data-element_type=\"column\" data-e-type=\"column\" data-settings=\"{&quot;_ob_column_hoveranimator&quot;:&quot;no&quot;,&quot;_ob_column_has_pseudo&quot;:&quot;no&quot;}\">\n\t\t\t<div class=\"elementor-widget-wrap elementor-element-populated\">\n\t\t\t\t\t\t<div class=\"elementor-element elementor-element-2beec94e hero-small-header ob-harakiri-inherit exad-sticky-section-no exad-glass-effect-no ob-has-background-overlay elementor-widget elementor-widget-heading\" data-id=\"2beec94e\" data-element_type=\"widget\" data-e-type=\"widget\" data-settings=\"{&quot;_ob_use_harakiri&quot;:&quot;yes&quot;,&quot;_ob_harakiri_writing_mode&quot;:&quot;inherit&quot;,&quot;_ob_harakiri_text_clip&quot;:&quot;none&quot;,&quot;_ob_widget_stalker_use&quot;:&quot;no&quot;,&quot;_ob_poopart_use&quot;:&quot;yes&quot;,&quot;_ob_shadough_use&quot;:&quot;no&quot;,&quot;_ob_allow_hoveranimator&quot;:&quot;no&quot;}\" data-widget_type=\"heading.default\">\n\t\t\t\t\t<p class=\"elementor-heading-title elementor-size-default\">Obtenez un devis<\/p>\t\t\t\t<\/div>\n\t\t\t\t<div class=\"elementor-element elementor-element-1a75232c elementor-widget-tablet__width-inherit elementor-widget-mobile__width-inherit hero-large-header ob-harakiri-inherit exad-sticky-section-no exad-glass-effect-no ob-has-background-overlay elementor-widget elementor-widget-heading\" data-id=\"1a75232c\" data-element_type=\"widget\" data-e-type=\"widget\" data-settings=\"{&quot;_ob_use_harakiri&quot;:&quot;yes&quot;,&quot;_ob_harakiri_writing_mode&quot;:&quot;inherit&quot;,&quot;_ob_harakiri_text_clip&quot;:&quot;none&quot;,&quot;_ob_widget_stalker_use&quot;:&quot;no&quot;,&quot;_ob_poopart_use&quot;:&quot;yes&quot;,&quot;_ob_shadough_use&quot;:&quot;no&quot;,&quot;_ob_allow_hoveranimator&quot;:&quot;no&quot;}\" data-widget_type=\"heading.default\">\n\t\t\t\t\t<h1 class=\"elementor-heading-title elementor-size-default\">Compl\u00e9tez vos coordonn\u00e9es<\/h1>\t\t\t\t<\/div>\n\t\t\t\t<div class=\"elementor-element elementor-element-225f3a0b hero-intro-text ob-harakiri-inherit exad-sticky-section-no exad-glass-effect-no ob-has-background-overlay elementor-widget elementor-widget-heading\" data-id=\"225f3a0b\" data-element_type=\"widget\" data-e-type=\"widget\" data-settings=\"{&quot;_ob_use_harakiri&quot;:&quot;yes&quot;,&quot;_ob_harakiri_writing_mode&quot;:&quot;inherit&quot;,&quot;_ob_harakiri_text_clip&quot;:&quot;none&quot;,&quot;_ob_widget_stalker_use&quot;:&quot;no&quot;,&quot;_ob_poopart_use&quot;:&quot;yes&quot;,&quot;_ob_shadough_use&quot;:&quot;no&quot;,&quot;_ob_allow_hoveranimator&quot;:&quot;no&quot;}\" data-widget_type=\"heading.default\">\n\t\t\t\t\t<p class=\"elementor-heading-title elementor-size-default\">Notre \u00e9quipe vous r\u00e9pondra rapidement.<\/p>\t\t\t\t<\/div>\n\t\t\t\t<div class=\"elementor-element elementor-element-0c9588d hubspot-contact-form exad-sticky-section-no exad-glass-effect-no ob-has-background-overlay elementor-widget elementor-widget-html\" data-id=\"0c9588d\" data-element_type=\"widget\" data-e-type=\"widget\" data-settings=\"{&quot;_ob_widget_stalker_use&quot;:&quot;no&quot;,&quot;_ob_poopart_use&quot;:&quot;yes&quot;,&quot;_ob_shadough_use&quot;:&quot;no&quot;,&quot;_ob_allow_hoveranimator&quot;:&quot;no&quot;}\" data-widget_type=\"html.default\">\n\t\t\t\t\t<!--[if lte IE 8]>\n<script charset=\"utf-8\" type=\"text\/javascript\" src=\"\/\/js.hsforms.net\/forms\/v2-legacy.js\"><\/script>\n<![endif]-->\n<script charset=\"utf-8\" type=\"text\/javascript\" src=\"\/\/js.hsforms.net\/forms\/v2.js\"><\/script>\n<script>\n  hbspt.forms.create({\n\tregion: \"na1\",\n\tportalId: \"5867239\",\n\tformId: \"7ac51dd2-066e-481b-841c-995ac75cec7a\"\n});\n<\/script>\t\t\t\t<\/div>\n\t\t\t\t\t<\/div>\n\t\t<\/div>\n\t\t\t\t\t<\/div>\n\t\t<\/section>\n\t\t\t\t\t<\/div>\n\t\t<\/div>\n\t\t\t\t\t<\/div>\n\t\t<\/section>\n\t\t\t\t<section data-particle_enable=\"false\" data-particle-mobile-disabled=\"false\" class=\"elementor-section elementor-top-section elementor-element elementor-element-1d583d47 elementor-section-boxed elementor-section-height-default elementor-section-height-default exad-glass-effect-no exad-sticky-section-no\" data-id=\"1d583d47\" data-element_type=\"section\" data-e-type=\"section\" data-settings=\"{&quot;_ob_glider_is_slider&quot;:&quot;no&quot;,&quot;_ha_eqh_enable&quot;:false}\">\n\t\t\t\t\t\t<div class=\"elementor-container elementor-column-gap-no\">\n\t\t\t\t\t<div class=\"elementor-column elementor-col-100 elementor-top-column elementor-element elementor-element-6917c6e8 exad-glass-effect-no exad-sticky-section-no\" data-id=\"6917c6e8\" data-element_type=\"column\" data-e-type=\"column\" data-settings=\"{&quot;_ob_column_hoveranimator&quot;:&quot;no&quot;,&quot;_ob_column_has_pseudo&quot;:&quot;no&quot;}\">\n\t\t\t<div class=\"elementor-widget-wrap elementor-element-populated\">\n\t\t\t\t\t\t<div class=\"elementor-element elementor-element-58dc2b9e ob-harakiri-inherit exad-sticky-section-no exad-glass-effect-no ob-has-background-overlay elementor-widget elementor-widget-heading\" data-id=\"58dc2b9e\" data-element_type=\"widget\" data-e-type=\"widget\" data-settings=\"{&quot;_ob_use_harakiri&quot;:&quot;yes&quot;,&quot;_ob_harakiri_writing_mode&quot;:&quot;inherit&quot;,&quot;_ob_harakiri_text_clip&quot;:&quot;none&quot;,&quot;_ob_widget_stalker_use&quot;:&quot;no&quot;,&quot;_ob_poopart_use&quot;:&quot;yes&quot;,&quot;_ob_shadough_use&quot;:&quot;no&quot;,&quot;_ob_allow_hoveranimator&quot;:&quot;no&quot;}\" data-widget_type=\"heading.default\">\n\t\t\t\t\t<p class=\"elementor-heading-title elementor-size-default\">+1000 POINTS DE VENTE NOUS FONT CONFIANCE DANS PLUS DE 25 PAYS<\/p>\t\t\t\t<\/div>\n\t\t\t\t<section data-particle_enable=\"false\" data-particle-mobile-disabled=\"false\" class=\"elementor-section elementor-inner-section elementor-element elementor-element-3e1e90c8 elementor-section-height-min-height elementor-section-boxed elementor-section-height-default exad-glass-effect-no exad-sticky-section-no\" data-id=\"3e1e90c8\" data-element_type=\"section\" data-e-type=\"section\" data-settings=\"{&quot;_ob_glider_is_slider&quot;:&quot;no&quot;,&quot;_ha_eqh_enable&quot;:false}\">\n\t\t\t\t\t\t<div class=\"elementor-container elementor-column-gap-no\">\n\t\t\t\t\t<div class=\"elementor-column elementor-col-100 elementor-inner-column elementor-element elementor-element-5260135 exad-glass-effect-no exad-sticky-section-no\" data-id=\"5260135\" data-element_type=\"column\" data-e-type=\"column\" data-settings=\"{&quot;_ob_column_hoveranimator&quot;:&quot;no&quot;,&quot;_ob_column_has_pseudo&quot;:&quot;no&quot;}\">\n\t\t\t<div class=\"elementor-widget-wrap elementor-element-populated\">\n\t\t\t\t\t\t<div class=\"elementor-element elementor-element-4f0be188 logo-gallery exad-sticky-section-no exad-glass-effect-no ob-has-background-overlay elementor-widget elementor-widget-image\" data-id=\"4f0be188\" data-element_type=\"widget\" data-e-type=\"widget\" data-settings=\"{&quot;_ob_photomorph_use&quot;:&quot;no&quot;,&quot;_ob_widget_stalker_use&quot;:&quot;no&quot;,&quot;_ob_poopart_use&quot;:&quot;yes&quot;,&quot;_ob_shadough_use&quot;:&quot;no&quot;,&quot;_ob_allow_hoveranimator&quot;:&quot;no&quot;}\" data-widget_type=\"image.default\">\n\t\t\t\t\t\t\t\t\t\t\t\t\t\t\t<img loading=\"lazy\" decoding=\"async\" width=\"1024\" height=\"1024\" src=\"https:\/\/get.apicbase.com\/wp-content\/uploads\/2021\/04\/demo-request-gate-group-logo-01.svg\" class=\"attachment-large size-large wp-image-20526\" alt=\"\" srcset=\"https:\/\/get.apicbase.com\/wp-content\/uploads\/\/2021\/04\/demo-request-gate-group-logo-01.svg 150w, https:\/\/get.apicbase.com\/wp-content\/uploads\/\/2021\/04\/demo-request-gate-group-logo-01.svg 300w, https:\/\/get.apicbase.com\/wp-content\/uploads\/\/2021\/04\/demo-request-gate-group-logo-01.svg 1024w, https:\/\/get.apicbase.com\/wp-content\/uploads\/\/2021\/04\/demo-request-gate-group-logo-01.svg 1536w, https:\/\/get.apicbase.com\/wp-content\/uploads\/\/2021\/04\/demo-request-gate-group-logo-01.svg 2048w\" sizes=\"auto, (max-width: 1024px) 100vw, 1024px\" \/>\t\t\t\t\t\t\t\t\t\t\t\t\t\t\t<\/div>\n\t\t\t\t<div class=\"elementor-element elementor-element-4dadbfdf logo-gallery exad-sticky-section-no exad-glass-effect-no ob-has-background-overlay elementor-widget elementor-widget-image\" data-id=\"4dadbfdf\" data-element_type=\"widget\" data-e-type=\"widget\" data-settings=\"{&quot;_ob_photomorph_use&quot;:&quot;no&quot;,&quot;_ob_widget_stalker_use&quot;:&quot;no&quot;,&quot;_ob_poopart_use&quot;:&quot;yes&quot;,&quot;_ob_shadough_use&quot;:&quot;no&quot;,&quot;_ob_allow_hoveranimator&quot;:&quot;no&quot;}\" data-widget_type=\"image.default\">\n\t\t\t\t\t\t\t\t\t\t\t\t\t\t\t<img loading=\"lazy\" decoding=\"async\" width=\"1024\" height=\"1024\" src=\"https:\/\/get.apicbase.com\/wp-content\/uploads\/2021\/04\/demo-request-sodexo-logo-01.svg\" class=\"attachment-large size-large wp-image-20530\" alt=\"\" srcset=\"https:\/\/get.apicbase.com\/wp-content\/uploads\/\/2021\/04\/demo-request-sodexo-logo-01.svg 150w, https:\/\/get.apicbase.com\/wp-content\/uploads\/\/2021\/04\/demo-request-sodexo-logo-01.svg 300w, https:\/\/get.apicbase.com\/wp-content\/uploads\/\/2021\/04\/demo-request-sodexo-logo-01.svg 1024w, https:\/\/get.apicbase.com\/wp-content\/uploads\/\/2021\/04\/demo-request-sodexo-logo-01.svg 1536w, https:\/\/get.apicbase.com\/wp-content\/uploads\/\/2021\/04\/demo-request-sodexo-logo-01.svg 2048w\" sizes=\"auto, (max-width: 1024px) 100vw, 1024px\" \/>\t\t\t\t\t\t\t\t\t\t\t\t\t\t\t<\/div>\n\t\t\t\t<div class=\"elementor-element elementor-element-6b57af93 logo-gallery exad-sticky-section-no exad-glass-effect-no ob-has-background-overlay elementor-widget elementor-widget-image\" data-id=\"6b57af93\" data-element_type=\"widget\" data-e-type=\"widget\" data-settings=\"{&quot;_ob_photomorph_use&quot;:&quot;no&quot;,&quot;_ob_widget_stalker_use&quot;:&quot;no&quot;,&quot;_ob_poopart_use&quot;:&quot;yes&quot;,&quot;_ob_shadough_use&quot;:&quot;no&quot;,&quot;_ob_allow_hoveranimator&quot;:&quot;no&quot;}\" data-widget_type=\"image.default\">\n\t\t\t\t\t\t\t\t\t\t\t\t\t\t\t<img loading=\"lazy\" decoding=\"async\" width=\"1024\" height=\"1024\" src=\"https:\/\/get.apicbase.com\/wp-content\/uploads\/2021\/04\/demo-request-not-so-dark-logo-01.svg\" class=\"attachment-large size-large wp-image-20534\" alt=\"\" srcset=\"https:\/\/get.apicbase.com\/wp-content\/uploads\/\/2021\/04\/demo-request-not-so-dark-logo-01.svg 150w, https:\/\/get.apicbase.com\/wp-content\/uploads\/\/2021\/04\/demo-request-not-so-dark-logo-01.svg 300w, https:\/\/get.apicbase.com\/wp-content\/uploads\/\/2021\/04\/demo-request-not-so-dark-logo-01.svg 1024w, https:\/\/get.apicbase.com\/wp-content\/uploads\/\/2021\/04\/demo-request-not-so-dark-logo-01.svg 1536w, https:\/\/get.apicbase.com\/wp-content\/uploads\/\/2021\/04\/demo-request-not-so-dark-logo-01.svg 2048w\" sizes=\"auto, (max-width: 1024px) 100vw, 1024px\" \/>\t\t\t\t\t\t\t\t\t\t\t\t\t\t\t<\/div>\n\t\t\t\t<div class=\"elementor-element elementor-element-126a8bc7 logo-gallery exad-sticky-section-no exad-glass-effect-no ob-has-background-overlay elementor-widget elementor-widget-image\" data-id=\"126a8bc7\" data-element_type=\"widget\" data-e-type=\"widget\" data-settings=\"{&quot;_ob_photomorph_use&quot;:&quot;no&quot;,&quot;_ob_widget_stalker_use&quot;:&quot;no&quot;,&quot;_ob_poopart_use&quot;:&quot;yes&quot;,&quot;_ob_shadough_use&quot;:&quot;no&quot;,&quot;_ob_allow_hoveranimator&quot;:&quot;no&quot;}\" data-widget_type=\"image.default\">\n\t\t\t\t\t\t\t\t\t\t\t\t\t\t\t<img loading=\"lazy\" decoding=\"async\" width=\"1024\" height=\"1024\" src=\"https:\/\/get.apicbase.com\/wp-content\/uploads\/2021\/04\/demo-request-penta-hotels-logo-01.svg\" class=\"attachment-large size-large wp-image-20538\" alt=\"\" srcset=\"https:\/\/get.apicbase.com\/wp-content\/uploads\/\/2021\/04\/demo-request-penta-hotels-logo-01.svg 150w, https:\/\/get.apicbase.com\/wp-content\/uploads\/\/2021\/04\/demo-request-penta-hotels-logo-01.svg 300w, https:\/\/get.apicbase.com\/wp-content\/uploads\/\/2021\/04\/demo-request-penta-hotels-logo-01.svg 1024w, https:\/\/get.apicbase.com\/wp-content\/uploads\/\/2021\/04\/demo-request-penta-hotels-logo-01.svg 1536w, https:\/\/get.apicbase.com\/wp-content\/uploads\/\/2021\/04\/demo-request-penta-hotels-logo-01.svg 2048w\" sizes=\"auto, (max-width: 1024px) 100vw, 1024px\" \/>\t\t\t\t\t\t\t\t\t\t\t\t\t\t\t<\/div>\n\t\t\t\t<div class=\"elementor-element elementor-element-656e5b96 logo-gallery exad-sticky-section-no exad-glass-effect-no ob-has-background-overlay elementor-widget elementor-widget-image\" data-id=\"656e5b96\" data-element_type=\"widget\" data-e-type=\"widget\" data-settings=\"{&quot;_ob_photomorph_use&quot;:&quot;no&quot;,&quot;_ob_widget_stalker_use&quot;:&quot;no&quot;,&quot;_ob_poopart_use&quot;:&quot;yes&quot;,&quot;_ob_shadough_use&quot;:&quot;no&quot;,&quot;_ob_allow_hoveranimator&quot;:&quot;no&quot;}\" data-widget_type=\"image.default\">\n\t\t\t\t\t\t\t\t\t\t\t\t\t\t\t<img loading=\"lazy\" decoding=\"async\" width=\"1024\" height=\"1024\" src=\"https:\/\/get.apicbase.com\/wp-content\/uploads\/2021\/04\/demo-request-feastr-logo-01.svg\" class=\"attachment-large size-large wp-image-20542\" alt=\"\" srcset=\"https:\/\/get.apicbase.com\/wp-content\/uploads\/\/2021\/04\/demo-request-feastr-logo-01.svg 150w, https:\/\/get.apicbase.com\/wp-content\/uploads\/\/2021\/04\/demo-request-feastr-logo-01.svg 300w, https:\/\/get.apicbase.com\/wp-content\/uploads\/\/2021\/04\/demo-request-feastr-logo-01.svg 1024w, https:\/\/get.apicbase.com\/wp-content\/uploads\/\/2021\/04\/demo-request-feastr-logo-01.svg 1536w, https:\/\/get.apicbase.com\/wp-content\/uploads\/\/2021\/04\/demo-request-feastr-logo-01.svg 2048w\" sizes=\"auto, (max-width: 1024px) 100vw, 1024px\" \/>\t\t\t\t\t\t\t\t\t\t\t\t\t\t\t<\/div>\n\t\t\t\t<div class=\"elementor-element elementor-element-40e52c08 logo-gallery exad-sticky-section-no exad-glass-effect-no ob-has-background-overlay elementor-widget elementor-widget-image\" data-id=\"40e52c08\" data-element_type=\"widget\" data-e-type=\"widget\" data-settings=\"{&quot;_ob_photomorph_use&quot;:&quot;no&quot;,&quot;_ob_widget_stalker_use&quot;:&quot;no&quot;,&quot;_ob_poopart_use&quot;:&quot;yes&quot;,&quot;_ob_shadough_use&quot;:&quot;no&quot;,&quot;_ob_allow_hoveranimator&quot;:&quot;no&quot;}\" data-widget_type=\"image.default\">\n\t\t\t\t\t\t\t\t\t\t\t\t\t\t\t<img loading=\"lazy\" decoding=\"async\" width=\"1024\" height=\"1024\" src=\"https:\/\/get.apicbase.com\/wp-content\/uploads\/2021\/04\/demo-request-ego-logo-01.svg\" class=\"attachment-large size-large wp-image-20546\" alt=\"\" srcset=\"https:\/\/get.apicbase.com\/wp-content\/uploads\/\/2021\/04\/demo-request-ego-logo-01.svg 150w, https:\/\/get.apicbase.com\/wp-content\/uploads\/\/2021\/04\/demo-request-ego-logo-01.svg 300w, https:\/\/get.apicbase.com\/wp-content\/uploads\/\/2021\/04\/demo-request-ego-logo-01.svg 1024w, https:\/\/get.apicbase.com\/wp-content\/uploads\/\/2021\/04\/demo-request-ego-logo-01.svg 1536w, https:\/\/get.apicbase.com\/wp-content\/uploads\/\/2021\/04\/demo-request-ego-logo-01.svg 2048w\" sizes=\"auto, (max-width: 1024px) 100vw, 1024px\" \/>\t\t\t\t\t\t\t\t\t\t\t\t\t\t\t<\/div>\n\t\t\t\t\t<\/div>\n\t\t<\/div>\n\t\t\t\t\t<\/div>\n\t\t<\/section>\n\t\t\t\t\t<\/div>\n\t\t<\/div>\n\t\t\t\t\t<\/div>\n\t\t<\/section>\n\t\t\t\t<\/div>\n\t\t","protected":false},"excerpt":{"rendered":"<p>Obtenez un devis Compl\u00e9tez vos coordonn\u00e9es Notre \u00e9quipe vous r\u00e9pondra rapidement. +1000 POINTS DE VENTE NOUS FONT CONFIANCE DANS PLUS DE 25 PAYS<\/p>\n","protected":false},"author":10,"featured_media":0,"parent":0,"menu_order":29,"comment_status":"closed","ping_status":"closed","template":"","meta":{"_acf_changed":false,"content-type":"","footnotes":""},"class_list":["post-21819","page","type-page","status-publish","hentry"],"acf":[],"yoast_head":"<!-- This site is optimized with the Yoast SEO Premium plugin v26.8 (Yoast SEO v27.2) - https:\/\/yoast.com\/product\/yoast-seo-premium-wordpress\/ -->\n<title>Demande de devis - Apicbase<\/title>\n<meta name=\"description\" content=\"Dites-nous en plus sur votre entreprise et nous vous fournirons un devis adapt\u00e9 dans les plus brefs d\u00e9lais. Qu&#039;attendez-vous ?\" \/>\n<meta name=\"robots\" content=\"index, follow, max-snippet:-1, max-image-preview:large, max-video-preview:-1\" \/>\n<link rel=\"canonical\" href=\"https:\/\/get.apicbase.com\/fr\/demande-de-devis\/\" \/>\n<meta property=\"og:locale\" content=\"fr_FR\" \/>\n<meta property=\"og:type\" content=\"article\" \/>\n<meta property=\"og:title\" content=\"Demande de devis\" \/>\n<meta property=\"og:description\" content=\"Dites-nous en plus sur votre entreprise et nous vous fournirons un devis adapt\u00e9 dans les plus brefs d\u00e9lais. Qu&#039;attendez-vous ?\" \/>\n<meta property=\"og:url\" content=\"https:\/\/get.apicbase.com\/fr\/demande-de-devis\/\" \/>\n<meta property=\"og:site_name\" content=\"Apicbase\" \/>\n<meta property=\"article:publisher\" content=\"https:\/\/www.facebook.com\/apicbase\/\" \/>\n<meta property=\"article:modified_time\" content=\"2023-08-14T15:13:21+00:00\" \/>\n<meta property=\"og:image\" content=\"https:\/\/get.apicbase.com\/wp-content\/uploads\/2021\/04\/demo-request-gate-group-logo-01.svg\" \/>\n<meta name=\"twitter:card\" content=\"summary_large_image\" \/>\n<meta name=\"twitter:site\" content=\"@apicbase\" \/>\n<script type=\"application\/ld+json\" class=\"yoast-schema-graph\">{\"@context\":\"https:\/\/schema.org\",\"@graph\":[{\"@type\":\"WebPage\",\"@id\":\"https:\/\/get.apicbase.com\/fr\/demande-de-devis\/\",\"url\":\"https:\/\/get.apicbase.com\/fr\/demande-de-devis\/\",\"name\":\"Demande de devis - Apicbase\",\"isPartOf\":{\"@id\":\"https:\/\/get.apicbase.com\/#website\"},\"primaryImageOfPage\":{\"@id\":\"https:\/\/get.apicbase.com\/fr\/demande-de-devis\/#primaryimage\"},\"image\":{\"@id\":\"https:\/\/get.apicbase.com\/fr\/demande-de-devis\/#primaryimage\"},\"thumbnailUrl\":\"https:\/\/get.apicbase.com\/wp-content\/uploads\/2021\/04\/demo-request-gate-group-logo-01.svg\",\"datePublished\":\"2021-06-02T08:39:27+00:00\",\"dateModified\":\"2023-08-14T15:13:21+00:00\",\"description\":\"Dites-nous en plus sur votre entreprise et nous vous fournirons un devis adapt\u00e9 dans les plus brefs d\u00e9lais. Qu'attendez-vous ?\",\"inLanguage\":\"fr-FR\",\"potentialAction\":[{\"@type\":\"ReadAction\",\"target\":[\"https:\/\/get.apicbase.com\/fr\/demande-de-devis\/\"]}]},{\"@type\":\"ImageObject\",\"inLanguage\":\"fr-FR\",\"@id\":\"https:\/\/get.apicbase.com\/fr\/demande-de-devis\/#primaryimage\",\"url\":\"https:\/\/get.apicbase.com\/wp-content\/uploads\/2021\/04\/demo-request-gate-group-logo-01.svg\",\"contentUrl\":\"https:\/\/get.apicbase.com\/wp-content\/uploads\/2021\/04\/demo-request-gate-group-logo-01.svg\"},{\"@type\":\"WebSite\",\"@id\":\"https:\/\/get.apicbase.com\/#website\",\"url\":\"https:\/\/get.apicbase.com\/\",\"name\":\"Apicbase\",\"description\":\"#1 Restaurant Management Software\",\"publisher\":{\"@id\":\"https:\/\/get.apicbase.com\/#organization\"},\"potentialAction\":[{\"@type\":\"SearchAction\",\"target\":{\"@type\":\"EntryPoint\",\"urlTemplate\":\"https:\/\/get.apicbase.com\/?s={search_term_string}\"},\"query-input\":{\"@type\":\"PropertyValueSpecification\",\"valueRequired\":true,\"valueName\":\"search_term_string\"}}],\"inLanguage\":\"fr-FR\"},{\"@type\":\"Organization\",\"@id\":\"https:\/\/get.apicbase.com\/#organization\",\"name\":\"Apicbase\",\"url\":\"https:\/\/get.apicbase.com\/\",\"logo\":{\"@type\":\"ImageObject\",\"inLanguage\":\"fr-FR\",\"@id\":\"https:\/\/get.apicbase.com\/#\/schema\/logo\/image\/\",\"url\":\"https:\/\/get.apicbase.com\/wp-content\/uploads\/2025\/08\/apicbase-logo-black.svg\",\"contentUrl\":\"https:\/\/get.apicbase.com\/wp-content\/uploads\/2025\/08\/apicbase-logo-black.svg\",\"caption\":\"Apicbase\"},\"image\":{\"@id\":\"https:\/\/get.apicbase.com\/#\/schema\/logo\/image\/\"},\"sameAs\":[\"https:\/\/www.facebook.com\/apicbase\/\",\"https:\/\/x.com\/apicbase\",\"https:\/\/www.instagram.com\/apicbase\/\",\"https:\/\/www.linkedin.com\/company-beta\/5036984\/\",\"https:\/\/www.pinterest.com\/apicbase\/\"]}]}<\/script>\n<!-- \/ Yoast SEO Premium plugin. -->","yoast_head_json":{"title":"Demande de devis - Apicbase","description":"Dites-nous en plus sur votre entreprise et nous vous fournirons un devis adapt\u00e9 dans les plus brefs d\u00e9lais. Qu'attendez-vous ?","robots":{"index":"index","follow":"follow","max-snippet":"max-snippet:-1","max-image-preview":"max-image-preview:large","max-video-preview":"max-video-preview:-1"},"canonical":"https:\/\/get.apicbase.com\/fr\/demande-de-devis\/","og_locale":"fr_FR","og_type":"article","og_title":"Demande de devis","og_description":"Dites-nous en plus sur votre entreprise et nous vous fournirons un devis adapt\u00e9 dans les plus brefs d\u00e9lais. Qu'attendez-vous ?","og_url":"https:\/\/get.apicbase.com\/fr\/demande-de-devis\/","og_site_name":"Apicbase","article_publisher":"https:\/\/www.facebook.com\/apicbase\/","article_modified_time":"2023-08-14T15:13:21+00:00","og_image":[{"url":"https:\/\/get.apicbase.com\/wp-content\/uploads\/2021\/04\/demo-request-gate-group-logo-01.svg","type":"","width":"","height":""}],"twitter_card":"summary_large_image","twitter_site":"@apicbase","schema":{"@context":"https:\/\/schema.org","@graph":[{"@type":"WebPage","@id":"https:\/\/get.apicbase.com\/fr\/demande-de-devis\/","url":"https:\/\/get.apicbase.com\/fr\/demande-de-devis\/","name":"Demande de devis - Apicbase","isPartOf":{"@id":"https:\/\/get.apicbase.com\/#website"},"primaryImageOfPage":{"@id":"https:\/\/get.apicbase.com\/fr\/demande-de-devis\/#primaryimage"},"image":{"@id":"https:\/\/get.apicbase.com\/fr\/demande-de-devis\/#primaryimage"},"thumbnailUrl":"https:\/\/get.apicbase.com\/wp-content\/uploads\/2021\/04\/demo-request-gate-group-logo-01.svg","datePublished":"2021-06-02T08:39:27+00:00","dateModified":"2023-08-14T15:13:21+00:00","description":"Dites-nous en plus sur votre entreprise et nous vous fournirons un devis adapt\u00e9 dans les plus brefs d\u00e9lais. Qu'attendez-vous ?","inLanguage":"fr-FR","potentialAction":[{"@type":"ReadAction","target":["https:\/\/get.apicbase.com\/fr\/demande-de-devis\/"]}]},{"@type":"ImageObject","inLanguage":"fr-FR","@id":"https:\/\/get.apicbase.com\/fr\/demande-de-devis\/#primaryimage","url":"https:\/\/get.apicbase.com\/wp-content\/uploads\/2021\/04\/demo-request-gate-group-logo-01.svg","contentUrl":"https:\/\/get.apicbase.com\/wp-content\/uploads\/2021\/04\/demo-request-gate-group-logo-01.svg"},{"@type":"WebSite","@id":"https:\/\/get.apicbase.com\/#website","url":"https:\/\/get.apicbase.com\/","name":"Apicbase","description":"#1 Restaurant Management Software","publisher":{"@id":"https:\/\/get.apicbase.com\/#organization"},"potentialAction":[{"@type":"SearchAction","target":{"@type":"EntryPoint","urlTemplate":"https:\/\/get.apicbase.com\/?s={search_term_string}"},"query-input":{"@type":"PropertyValueSpecification","valueRequired":true,"valueName":"search_term_string"}}],"inLanguage":"fr-FR"},{"@type":"Organization","@id":"https:\/\/get.apicbase.com\/#organization","name":"Apicbase","url":"https:\/\/get.apicbase.com\/","logo":{"@type":"ImageObject","inLanguage":"fr-FR","@id":"https:\/\/get.apicbase.com\/#\/schema\/logo\/image\/","url":"https:\/\/get.apicbase.com\/wp-content\/uploads\/2025\/08\/apicbase-logo-black.svg","contentUrl":"https:\/\/get.apicbase.com\/wp-content\/uploads\/2025\/08\/apicbase-logo-black.svg","caption":"Apicbase"},"image":{"@id":"https:\/\/get.apicbase.com\/#\/schema\/logo\/image\/"},"sameAs":["https:\/\/www.facebook.com\/apicbase\/","https:\/\/x.com\/apicbase","https:\/\/www.instagram.com\/apicbase\/","https:\/\/www.linkedin.com\/company-beta\/5036984\/","https:\/\/www.pinterest.com\/apicbase\/"]}]}},"_links":{"self":[{"href":"https:\/\/get.apicbase.com\/fr\/wp-json\/wp\/v2\/pages\/21819","targetHints":{"allow":["GET"]}}],"collection":[{"href":"https:\/\/get.apicbase.com\/fr\/wp-json\/wp\/v2\/pages"}],"about":[{"href":"https:\/\/get.apicbase.com\/fr\/wp-json\/wp\/v2\/types\/page"}],"author":[{"embeddable":true,"href":"https:\/\/get.apicbase.com\/fr\/wp-json\/wp\/v2\/users\/10"}],"replies":[{"embeddable":true,"href":"https:\/\/get.apicbase.com\/fr\/wp-json\/wp\/v2\/comments?post=21819"}],"version-history":[{"count":0,"href":"https:\/\/get.apicbase.com\/fr\/wp-json\/wp\/v2\/pages\/21819\/revisions"}],"wp:attachment":[{"href":"https:\/\/get.apicbase.com\/fr\/wp-json\/wp\/v2\/media?parent=21819"}],"curies":[{"name":"wp","href":"https:\/\/api.w.org\/{rel}","templated":true}]}}