{"id":24859,"date":"2021-09-21T10:04:39","date_gmt":"2021-09-21T09:04:39","guid":{"rendered":"https:\/\/apicstaging.wpengine.com\/roi\/"},"modified":"2023-08-14T13:01:40","modified_gmt":"2023-08-14T12:01:40","slug":"roi","status":"publish","type":"page","link":"https:\/\/get.apicbase.com\/fr\/roi\/","title":{"rendered":"ROI"},"content":{"rendered":"\t\t<div data-elementor-type=\"wp-page\" data-elementor-id=\"24859\" class=\"elementor elementor-24859 elementor-24759\" data-elementor-settings=\"{&quot;ha_cmc_init_switcher&quot;:&quot;no&quot;}\" data-elementor-post-type=\"page\">\n\t\t\t\t\t\t<section data-particle_enable=\"false\" data-particle-mobile-disabled=\"false\" class=\"elementor-section elementor-top-section elementor-element elementor-element-3b2f757 elementor-reverse-tablet elementor-reverse-mobile product-hero elementor-section-boxed elementor-section-height-default elementor-section-height-default exad-glass-effect-no exad-sticky-section-no\" data-id=\"3b2f757\" data-element_type=\"section\" data-e-type=\"section\" data-settings=\"{&quot;background_background&quot;:&quot;gradient&quot;,&quot;_ob_glider_is_slider&quot;:&quot;no&quot;,&quot;_ha_eqh_enable&quot;:false}\">\n\t\t\t\t\t\t\t<div class=\"elementor-background-overlay\"><\/div>\n\t\t\t\t\t\t\t<div class=\"elementor-container elementor-column-gap-no\">\n\t\t\t\t\t<div class=\"elementor-column elementor-col-100 elementor-top-column elementor-element elementor-element-db78bb5 exad-glass-effect-no exad-sticky-section-no\" data-id=\"db78bb5\" data-element_type=\"column\" data-e-type=\"column\" data-settings=\"{&quot;_ob_column_hoveranimator&quot;:&quot;no&quot;,&quot;_ob_column_has_pseudo&quot;:&quot;no&quot;}\">\n\t\t\t<div class=\"elementor-widget-wrap elementor-element-populated\">\n\t\t\t\t\t\t<section data-particle_enable=\"false\" data-particle-mobile-disabled=\"false\" class=\"elementor-section elementor-inner-section elementor-element elementor-element-b46b22a elementor-section-boxed elementor-section-height-default elementor-section-height-default exad-glass-effect-no exad-sticky-section-no\" data-id=\"b46b22a\" data-element_type=\"section\" data-e-type=\"section\" data-settings=\"{&quot;_ob_glider_is_slider&quot;:&quot;no&quot;,&quot;_ha_eqh_enable&quot;:false}\">\n\t\t\t\t\t\t<div class=\"elementor-container elementor-column-gap-no\">\n\t\t\t\t\t<div class=\"elementor-column elementor-col-100 elementor-inner-column elementor-element elementor-element-98eb71e exad-glass-effect-no exad-sticky-section-no\" data-id=\"98eb71e\" data-element_type=\"column\" data-e-type=\"column\" data-settings=\"{&quot;_ob_column_hoveranimator&quot;:&quot;no&quot;,&quot;_ob_column_has_pseudo&quot;:&quot;no&quot;}\">\n\t\t\t<div class=\"elementor-widget-wrap elementor-element-populated\">\n\t\t\t\t\t\t<div class=\"elementor-element elementor-element-07baa05 elementor-widget-tablet__width-inherit elementor-widget-mobile__width-inherit hero-large-header ob-harakiri-inherit exad-sticky-section-no exad-glass-effect-no ob-has-background-overlay elementor-widget elementor-widget-heading\" data-id=\"07baa05\" data-element_type=\"widget\" data-e-type=\"widget\" data-settings=\"{&quot;_ob_use_harakiri&quot;:&quot;yes&quot;,&quot;_ob_harakiri_writing_mode&quot;:&quot;inherit&quot;,&quot;_ob_harakiri_text_clip&quot;:&quot;none&quot;,&quot;_ob_widget_stalker_use&quot;:&quot;no&quot;,&quot;_ob_poopart_use&quot;:&quot;yes&quot;,&quot;_ob_shadough_use&quot;:&quot;no&quot;,&quot;_ob_allow_hoveranimator&quot;:&quot;no&quot;}\" data-widget_type=\"heading.default\">\n\t\t\t\t\t<h1 class=\"elementor-heading-title elementor-size-default\">Le ROI d'Apicbase<\/h1>\t\t\t\t<\/div>\n\t\t\t\t<div class=\"elementor-element elementor-element-e7eaf4f hero-intro-text ob-harakiri-inherit exad-sticky-section-no exad-glass-effect-no ob-has-background-overlay elementor-widget elementor-widget-heading\" data-id=\"e7eaf4f\" data-element_type=\"widget\" data-e-type=\"widget\" data-settings=\"{&quot;_ob_use_harakiri&quot;:&quot;yes&quot;,&quot;_ob_harakiri_writing_mode&quot;:&quot;inherit&quot;,&quot;_ob_harakiri_text_clip&quot;:&quot;none&quot;,&quot;_ob_widget_stalker_use&quot;:&quot;no&quot;,&quot;_ob_poopart_use&quot;:&quot;yes&quot;,&quot;_ob_shadough_use&quot;:&quot;no&quot;,&quot;_ob_allow_hoveranimator&quot;:&quot;no&quot;}\" data-widget_type=\"heading.default\">\n\t\t\t\t\t<p class=\"elementor-heading-title elementor-size-default\">Comprenez comment Apicbase peut vous aider dans le contr\u00f4le des co\u00fbts des aliments et obtenez le ROI de votre entreprise.<\/p>\t\t\t\t<\/div>\n\t\t\t\t<div class=\"elementor-element elementor-element-e256980 hubspot-contact-form exad-sticky-section-no exad-glass-effect-no ob-has-background-overlay elementor-widget elementor-widget-html\" data-id=\"e256980\" data-element_type=\"widget\" data-e-type=\"widget\" data-settings=\"{&quot;_ob_widget_stalker_use&quot;:&quot;no&quot;,&quot;_ob_poopart_use&quot;:&quot;yes&quot;,&quot;_ob_shadough_use&quot;:&quot;no&quot;,&quot;_ob_allow_hoveranimator&quot;:&quot;no&quot;}\" data-widget_type=\"html.default\">\n\t\t\t\t\t<div id=\"ROI_CALCULATOR_CALCULATOREXPRESS_COM\" style=\"text-align: center;font-family: century Gothic;\">Loading...<\/div>\r\n<script src=\"https:\/\/get.apicbase.com\/pricing-calculator\/embed\/scripts_embed.js\"><\/script>\r\n\r\n<script type=\"text\/javascript\">\r\nvar url = 'https:\/\/get.apicbase.com\/roi-calculator\/index.html';\r\nvar embed = '<style>iframe{width: 100%;min-width: 601px;border:none;}@media only screen and (max-width: 600px) {iframe { display: block; width:100%;min-width:280px; }<\/style><center><iframe id=\"myIframe\" src=\"'+url+'\" scrolling=\"no\" border=\"no\" onload=\"iFrameResize()\"><\/iframe><center>';\r\ndocument.getElementById('ROI_CALCULATOR_CALCULATOREXPRESS_COM').innerHTML = embed;\r\n<\/script>\t\t\t\t<\/div>\n\t\t\t\t\t<\/div>\n\t\t<\/div>\n\t\t\t\t\t<\/div>\n\t\t<\/section>\n\t\t\t\t\t<\/div>\n\t\t<\/div>\n\t\t\t\t\t<\/div>\n\t\t<\/section>\n\t\t\t\t<section data-particle_enable=\"false\" data-particle-mobile-disabled=\"false\" class=\"elementor-section elementor-top-section elementor-element elementor-element-8f2f4d1 elementor-reverse-tablet elementor-reverse-mobile elementor-section-boxed elementor-section-height-default elementor-section-height-default exad-glass-effect-no exad-sticky-section-no\" data-id=\"8f2f4d1\" data-element_type=\"section\" data-e-type=\"section\" data-settings=\"{&quot;_ob_glider_is_slider&quot;:&quot;no&quot;,&quot;_ha_eqh_enable&quot;:false}\">\n\t\t\t\t\t\t<div class=\"elementor-container elementor-column-gap-no\">\n\t\t\t\t\t<div class=\"elementor-column elementor-col-50 elementor-top-column elementor-element elementor-element-41cf8d3 exad-glass-effect-no exad-sticky-section-no\" data-id=\"41cf8d3\" data-element_type=\"column\" data-e-type=\"column\" data-settings=\"{&quot;background_background&quot;:&quot;classic&quot;,&quot;_ob_column_hoveranimator&quot;:&quot;no&quot;,&quot;_ob_column_has_pseudo&quot;:&quot;no&quot;}\">\n\t\t\t<div class=\"elementor-widget-wrap elementor-element-populated\">\n\t\t\t\t\t\t<div class=\"elementor-element elementor-element-3057303 elementor-cta--skin-classic elementor-animated-content elementor-bg-transform elementor-bg-transform-zoom-in exad-sticky-section-no exad-glass-effect-no ob-has-background-overlay elementor-widget elementor-widget-call-to-action\" data-id=\"3057303\" data-element_type=\"widget\" data-e-type=\"widget\" data-settings=\"{&quot;_ob_widget_stalker_use&quot;:&quot;no&quot;,&quot;_ob_poopart_use&quot;:&quot;yes&quot;,&quot;_ob_shadough_use&quot;:&quot;no&quot;,&quot;_ob_allow_hoveranimator&quot;:&quot;no&quot;}\" data-widget_type=\"call-to-action.default\">\n\t\t\t\t\t\t\t<div class=\"elementor-cta\">\n\t\t\t\t\t\t\t<div class=\"elementor-cta__content\">\n\t\t\t\t\n\t\t\t\t\t\t\t\t\t<h2 class=\"elementor-cta__title elementor-cta__content-item elementor-content-item\">\n\t\t\t\t\t\t<strong>Apicbase<\/strong> me permet un \u00e9norme gain de temps. Je le recommande \u00e0 200%.\t\t\t\t\t<\/h2>\n\t\t\t\t\n\t\t\t\t\t\t\t\t\t<div class=\"elementor-cta__description elementor-cta__content-item elementor-content-item\">\n\t\t\t\t\t\t<p class=\"case-study-name\">John King<\/p>\n<p class=\"case-study-company-role\">Chef<\/p>\n<p><img decoding=\"async\" class=\"case-study-logo\" src=\"https:\/\/get.apicbase.com\/wp-content\/uploads\/2021\/09\/penta-logo.png\"><\/p>\n\t\t\t\t\t<\/div>\n\t\t\t\t\n\t\t\t\t\t\t\t<\/div>\n\t\t\t\t\t\t<\/div>\n\t\t\t\t\t\t<\/div>\n\t\t\t\t\t<\/div>\n\t\t<\/div>\n\t\t\t\t<div class=\"elementor-column elementor-col-50 elementor-top-column elementor-element elementor-element-20570fa exad-glass-effect-no exad-sticky-section-no\" data-id=\"20570fa\" data-element_type=\"column\" data-e-type=\"column\" data-settings=\"{&quot;background_background&quot;:&quot;classic&quot;,&quot;_ob_column_hoveranimator&quot;:&quot;no&quot;,&quot;_ob_column_has_pseudo&quot;:&quot;no&quot;}\">\n\t\t\t<div class=\"elementor-widget-wrap elementor-element-populated\">\n\t\t\t\t\t<div class=\"elementor-background-overlay\"><\/div>\n\t\t\t\t\t\t<div class=\"elementor-element elementor-element-fb3932c exad-sticky-section-no exad-glass-effect-no ob-has-background-overlay elementor-widget elementor-widget-spacer\" data-id=\"fb3932c\" data-element_type=\"widget\" data-e-type=\"widget\" data-settings=\"{&quot;_ob_spacerat_use&quot;:&quot;no&quot;,&quot;_ob_widget_stalker_use&quot;:&quot;no&quot;,&quot;_ob_poopart_use&quot;:&quot;yes&quot;,&quot;_ob_shadough_use&quot;:&quot;no&quot;,&quot;_ob_allow_hoveranimator&quot;:&quot;no&quot;}\" data-widget_type=\"spacer.default\">\n\t\t\t\t\t\t\t<div class=\"elementor-spacer\">\n\t\t\t<div class=\"elementor-spacer-inner\"><\/div>\n\t\t<\/div>\n\t\t\t\t\t\t<\/div>\n\t\t\t\t\t<\/div>\n\t\t<\/div>\n\t\t\t\t\t<\/div>\n\t\t<\/section>\n\t\t\t\t<\/div>\n\t\t","protected":false},"excerpt":{"rendered":"<p>Le ROI d&rsquo;Apicbase Comprenez comment Apicbase peut vous aider dans le contr\u00f4le des co\u00fbts des aliments et obtenez le ROI de votre entreprise. Loading&#8230; Apicbase me permet un \u00e9norme gain de temps. Je le recommande \u00e0 200%. John King Chef<\/p>\n","protected":false},"author":10,"featured_media":0,"parent":0,"menu_order":0,"comment_status":"closed","ping_status":"closed","template":"","meta":{"_acf_changed":false,"content-type":"","footnotes":""},"class_list":["post-24859","page","type-page","status-publish","hentry"],"acf":[],"yoast_head":"<!-- This site is optimized with the Yoast SEO Premium plugin v26.8 (Yoast SEO v27.2) - https:\/\/yoast.com\/product\/yoast-seo-premium-wordpress\/ -->\n<title>Le ROI du logiciel de gestion F&amp;B - Apicbase<\/title>\n<meta name=\"description\" content=\"Comprenez comment Apicbase peut vous aider dans le contr\u00f4le des co\u00fbts des aliments et obtenez le ROI de votre entreprise.\" \/>\n<meta name=\"robots\" content=\"index, follow, max-snippet:-1, max-image-preview:large, max-video-preview:-1\" \/>\n<link rel=\"canonical\" href=\"https:\/\/get.apicbase.com\/fr\/roi\/\" \/>\n<meta property=\"og:locale\" content=\"fr_FR\" \/>\n<meta property=\"og:type\" content=\"article\" \/>\n<meta property=\"og:title\" content=\"ROI\" \/>\n<meta property=\"og:description\" content=\"Comprenez comment Apicbase peut vous aider dans le contr\u00f4le des co\u00fbts des aliments et obtenez le ROI de votre entreprise.\" \/>\n<meta property=\"og:url\" content=\"https:\/\/get.apicbase.com\/fr\/roi\/\" \/>\n<meta property=\"og:site_name\" content=\"Apicbase\" \/>\n<meta property=\"article:publisher\" content=\"https:\/\/www.facebook.com\/apicbase\/\" \/>\n<meta property=\"article:modified_time\" content=\"2023-08-14T12:01:40+00:00\" \/>\n<meta property=\"og:image\" content=\"https:\/\/get.apicbase.com\/wp-content\/uploads\/2021\/09\/penta-logo.png\" \/>\n<meta name=\"twitter:card\" content=\"summary_large_image\" \/>\n<meta name=\"twitter:site\" content=\"@apicbase\" \/>\n<meta name=\"twitter:label1\" content=\"Dur\u00e9e de lecture estim\u00e9e\" \/>\n\t<meta name=\"twitter:data1\" content=\"3 minutes\" \/>\n<script type=\"application\/ld+json\" class=\"yoast-schema-graph\">{\"@context\":\"https:\/\/schema.org\",\"@graph\":[{\"@type\":\"WebPage\",\"@id\":\"https:\/\/get.apicbase.com\/fr\/roi\/\",\"url\":\"https:\/\/get.apicbase.com\/fr\/roi\/\",\"name\":\"Le ROI du logiciel de gestion F&B - Apicbase\",\"isPartOf\":{\"@id\":\"https:\/\/get.apicbase.com\/#website\"},\"primaryImageOfPage\":{\"@id\":\"https:\/\/get.apicbase.com\/fr\/roi\/#primaryimage\"},\"image\":{\"@id\":\"https:\/\/get.apicbase.com\/fr\/roi\/#primaryimage\"},\"thumbnailUrl\":\"https:\/\/get.apicbase.com\/wp-content\/uploads\/2021\/09\/penta-logo.png\",\"datePublished\":\"2021-09-21T09:04:39+00:00\",\"dateModified\":\"2023-08-14T12:01:40+00:00\",\"description\":\"Comprenez comment Apicbase peut vous aider dans le contr\u00f4le des co\u00fbts des aliments et obtenez le ROI de votre entreprise.\",\"inLanguage\":\"fr-FR\",\"potentialAction\":[{\"@type\":\"ReadAction\",\"target\":[\"https:\/\/get.apicbase.com\/fr\/roi\/\"]}]},{\"@type\":\"ImageObject\",\"inLanguage\":\"fr-FR\",\"@id\":\"https:\/\/get.apicbase.com\/fr\/roi\/#primaryimage\",\"url\":\"https:\/\/get.apicbase.com\/wp-content\/uploads\/2021\/09\/penta-logo.png\",\"contentUrl\":\"https:\/\/get.apicbase.com\/wp-content\/uploads\/2021\/09\/penta-logo.png\"},{\"@type\":\"WebSite\",\"@id\":\"https:\/\/get.apicbase.com\/#website\",\"url\":\"https:\/\/get.apicbase.com\/\",\"name\":\"Apicbase\",\"description\":\"#1 Restaurant Management Software\",\"publisher\":{\"@id\":\"https:\/\/get.apicbase.com\/#organization\"},\"potentialAction\":[{\"@type\":\"SearchAction\",\"target\":{\"@type\":\"EntryPoint\",\"urlTemplate\":\"https:\/\/get.apicbase.com\/?s={search_term_string}\"},\"query-input\":{\"@type\":\"PropertyValueSpecification\",\"valueRequired\":true,\"valueName\":\"search_term_string\"}}],\"inLanguage\":\"fr-FR\"},{\"@type\":\"Organization\",\"@id\":\"https:\/\/get.apicbase.com\/#organization\",\"name\":\"Apicbase\",\"url\":\"https:\/\/get.apicbase.com\/\",\"logo\":{\"@type\":\"ImageObject\",\"inLanguage\":\"fr-FR\",\"@id\":\"https:\/\/get.apicbase.com\/#\/schema\/logo\/image\/\",\"url\":\"https:\/\/get.apicbase.com\/wp-content\/uploads\/2025\/08\/apicbase-logo-black.svg\",\"contentUrl\":\"https:\/\/get.apicbase.com\/wp-content\/uploads\/2025\/08\/apicbase-logo-black.svg\",\"caption\":\"Apicbase\"},\"image\":{\"@id\":\"https:\/\/get.apicbase.com\/#\/schema\/logo\/image\/\"},\"sameAs\":[\"https:\/\/www.facebook.com\/apicbase\/\",\"https:\/\/x.com\/apicbase\",\"https:\/\/www.instagram.com\/apicbase\/\",\"https:\/\/www.linkedin.com\/company-beta\/5036984\/\",\"https:\/\/www.pinterest.com\/apicbase\/\"]}]}<\/script>\n<!-- \/ Yoast SEO Premium plugin. -->","yoast_head_json":{"title":"Le ROI du logiciel de gestion F&B - Apicbase","description":"Comprenez comment Apicbase peut vous aider dans le contr\u00f4le des co\u00fbts des aliments et obtenez le ROI de votre entreprise.","robots":{"index":"index","follow":"follow","max-snippet":"max-snippet:-1","max-image-preview":"max-image-preview:large","max-video-preview":"max-video-preview:-1"},"canonical":"https:\/\/get.apicbase.com\/fr\/roi\/","og_locale":"fr_FR","og_type":"article","og_title":"ROI","og_description":"Comprenez comment Apicbase peut vous aider dans le contr\u00f4le des co\u00fbts des aliments et obtenez le ROI de votre entreprise.","og_url":"https:\/\/get.apicbase.com\/fr\/roi\/","og_site_name":"Apicbase","article_publisher":"https:\/\/www.facebook.com\/apicbase\/","article_modified_time":"2023-08-14T12:01:40+00:00","og_image":[{"url":"https:\/\/get.apicbase.com\/wp-content\/uploads\/2021\/09\/penta-logo.png","type":"","width":"","height":""}],"twitter_card":"summary_large_image","twitter_site":"@apicbase","twitter_misc":{"Dur\u00e9e de lecture estim\u00e9e":"3 minutes"},"schema":{"@context":"https:\/\/schema.org","@graph":[{"@type":"WebPage","@id":"https:\/\/get.apicbase.com\/fr\/roi\/","url":"https:\/\/get.apicbase.com\/fr\/roi\/","name":"Le ROI du logiciel de gestion F&B - Apicbase","isPartOf":{"@id":"https:\/\/get.apicbase.com\/#website"},"primaryImageOfPage":{"@id":"https:\/\/get.apicbase.com\/fr\/roi\/#primaryimage"},"image":{"@id":"https:\/\/get.apicbase.com\/fr\/roi\/#primaryimage"},"thumbnailUrl":"https:\/\/get.apicbase.com\/wp-content\/uploads\/2021\/09\/penta-logo.png","datePublished":"2021-09-21T09:04:39+00:00","dateModified":"2023-08-14T12:01:40+00:00","description":"Comprenez comment Apicbase peut vous aider dans le contr\u00f4le des co\u00fbts des aliments et obtenez le ROI de votre entreprise.","inLanguage":"fr-FR","potentialAction":[{"@type":"ReadAction","target":["https:\/\/get.apicbase.com\/fr\/roi\/"]}]},{"@type":"ImageObject","inLanguage":"fr-FR","@id":"https:\/\/get.apicbase.com\/fr\/roi\/#primaryimage","url":"https:\/\/get.apicbase.com\/wp-content\/uploads\/2021\/09\/penta-logo.png","contentUrl":"https:\/\/get.apicbase.com\/wp-content\/uploads\/2021\/09\/penta-logo.png"},{"@type":"WebSite","@id":"https:\/\/get.apicbase.com\/#website","url":"https:\/\/get.apicbase.com\/","name":"Apicbase","description":"#1 Restaurant Management Software","publisher":{"@id":"https:\/\/get.apicbase.com\/#organization"},"potentialAction":[{"@type":"SearchAction","target":{"@type":"EntryPoint","urlTemplate":"https:\/\/get.apicbase.com\/?s={search_term_string}"},"query-input":{"@type":"PropertyValueSpecification","valueRequired":true,"valueName":"search_term_string"}}],"inLanguage":"fr-FR"},{"@type":"Organization","@id":"https:\/\/get.apicbase.com\/#organization","name":"Apicbase","url":"https:\/\/get.apicbase.com\/","logo":{"@type":"ImageObject","inLanguage":"fr-FR","@id":"https:\/\/get.apicbase.com\/#\/schema\/logo\/image\/","url":"https:\/\/get.apicbase.com\/wp-content\/uploads\/2025\/08\/apicbase-logo-black.svg","contentUrl":"https:\/\/get.apicbase.com\/wp-content\/uploads\/2025\/08\/apicbase-logo-black.svg","caption":"Apicbase"},"image":{"@id":"https:\/\/get.apicbase.com\/#\/schema\/logo\/image\/"},"sameAs":["https:\/\/www.facebook.com\/apicbase\/","https:\/\/x.com\/apicbase","https:\/\/www.instagram.com\/apicbase\/","https:\/\/www.linkedin.com\/company-beta\/5036984\/","https:\/\/www.pinterest.com\/apicbase\/"]}]}},"_links":{"self":[{"href":"https:\/\/get.apicbase.com\/fr\/wp-json\/wp\/v2\/pages\/24859","targetHints":{"allow":["GET"]}}],"collection":[{"href":"https:\/\/get.apicbase.com\/fr\/wp-json\/wp\/v2\/pages"}],"about":[{"href":"https:\/\/get.apicbase.com\/fr\/wp-json\/wp\/v2\/types\/page"}],"author":[{"embeddable":true,"href":"https:\/\/get.apicbase.com\/fr\/wp-json\/wp\/v2\/users\/10"}],"replies":[{"embeddable":true,"href":"https:\/\/get.apicbase.com\/fr\/wp-json\/wp\/v2\/comments?post=24859"}],"version-history":[{"count":0,"href":"https:\/\/get.apicbase.com\/fr\/wp-json\/wp\/v2\/pages\/24859\/revisions"}],"wp:attachment":[{"href":"https:\/\/get.apicbase.com\/fr\/wp-json\/wp\/v2\/media?parent=24859"}],"curies":[{"name":"wp","href":"https:\/\/api.w.org\/{rel}","templated":true}]}}